{"id":89,"date":"2019-10-05T08:47:46","date_gmt":"2019-10-05T08:47:46","guid":{"rendered":"http:\/\/eveilvert.com\/?page_id=89"},"modified":"2021-07-13T15:51:50","modified_gmt":"2021-07-13T15:51:50","slug":"question-reponse","status":"publish","type":"page","link":"https:\/\/eveilvert.com\/?page_id=89","title":{"rendered":"QUESTIONS\/ REPONSES"},"content":{"rendered":"\n<h1 class=\"wp-block-heading\">\u2022\tEST-CE QUE LA COLORATION VEGETALE COUVRE 100% LES CHEVEUX BLANCS ?<\/h1>\n\n\n\n<h2 class=\"wp-block-heading\"><strong>OUI<\/strong><\/h2>\n\n\n\n<p>Mais nous pouvons \u00e9galement garder une transparence sur les cheveux blancs pour cr\u00e9er un effet m\u00e9ch\u00e9s et plus de nuances.<\/p>\n\n\n\n<h1 class=\"wp-block-heading\">\u2022\tPeut-on appliquer une coloration v\u00e9g\u00e9tale sur du psoriasis ou dermite ou pelade ?<\/h1>\n\n\n\n<h4 class=\"wp-block-heading\">Cela est fortement conseill\u00e9 pour tout probl\u00e8me dermatologique.<\/h4>\n\n\n\n<p>Au del\u00e0 de leurs vertus colorantes et de la vibration que ces couleurs apportent \u00e0 n\u00f4tre aura, elles ont toutes de puissantes vertus apaisantes et assainissantes.<\/p>\n\n\n\n<p>L\u2019avantage de la coloration v\u00e9g\u00e9tale personnalis\u00e9 et d\u2019avoir une couleur v\u00e9g\u00e9tale favorisant la gu\u00e9rison r\u00e9pondant \u00e0 vos besoin du moment.<\/p>\n\n\n\n<h1 class=\"wp-block-heading\">\u2022\tPeut-on \u00e9claircir les cheveux avec des produits naturels ?<\/h1>\n\n\n\n<p><strong>OUI et NON<\/strong>, nous pouvons jouer avec les reflets chauds et froids en donnant un effet plus clair jusqu\u2019\u00e0 deux tons voire plus en le r\u00e9alisant fr\u00e9quemment avec des expositions au soleil.<\/p>\n\n\n\n<h1 class=\"wp-block-heading\">\u2022 Pourquoi beaucoup de personnes ont peur du henn\u00e9 ?<\/h1>\n\n\n\n<p>Beaucoup pensent que le henn\u00e9 ne peut apporter que des reflets orange ou rouge.<\/p>\n\n\n\n<p>D\u2019autres qu\u2019il s\u00e8che les cheveux.<\/p>\n\n\n\n<p><strong>En \u00e9cole de coiffure, on nous dit que dans certaines poudres de henn\u00e9 il y a des sels m\u00e9talliques, comme de la limaille de fer, cela n\u2019est pas compatible avec les produits \u00e0 permanente et les colorations v\u00e9g\u00e9tales, car la r\u00e9action chimique de ces substances provoque dans 90% des cas une rupture des cheveux parfois d\u00e8s la racine.<\/strong><\/p>\n\n\n\n<p>Cela uniquement si le HENNE n\u2019\u00e9tait pas 100% ORGANIC.<\/p>\n\n\n\n<p>Sur un HENNE ORGANIC vous pouvez faire du chimique mais sur de l\u2019indigo, je vous le d\u00e9conseille fortement.<\/p>\n\n\n\n<p>Si vous entrez dans l\u2019univers des plantes vous n\u2019aurez certainement plus envie de retourner vers les produits chimiques. <\/p>\n\n\n\n<p>Mais si, pour avoir une coloration beaucoup plus claire ou cr\u00e9er des m\u00e8ches vous devez passer par une petite chimie, la magie des plantes se fera un plaisir de d\u00e9toxiner vos cheveux pour que vous puissiez recevoir le maximum des qualit\u00e9s des plantes tinctorial.<\/p>\n\n\n\n<p><strong>Quant aux reflets roux, la loi de colorim\u00e9trie s\u2019applique \u00e9galement dans le royaume des plantes donc il en va de l\u2019alchimie pour nous offrir un innombrable \u00e9ventail de couleur.<\/strong><\/p>\n\n\n\n<p><strong>Pour ce qui est de s\u00e9cher les cheveux, cela vient du fait que les recettes de beaut\u00e9s \u00e9taient transmises de m\u00e8res en filles. <\/strong><\/p>\n\n\n\n<p><strong>En effet le henn\u00e9 s\u2019utilise seul que dans certain cas.<\/strong><\/p>\n","protected":false},"excerpt":{"rendered":"<p>\u2022 EST-CE QUE LA COLORATION VEGETALE COUVRE 100% LES CHEVEUX BLANCS ? OUI Mais nous pouvons \u00e9galement garder une transparence sur les cheveux blancs pour cr\u00e9er un effet m\u00e9ch\u00e9s et plus de nuances. \u2022 Peut-on appliquer une coloration v\u00e9g\u00e9tale sur du psoriasis ou dermite ou pelade ? Cela est fortement conseill\u00e9 pour tout probl\u00e8me dermatologique. [&hellip;]<\/p>\n","protected":false},"author":1,"featured_media":0,"parent":0,"menu_order":0,"comment_status":"closed","ping_status":"closed","template":"","meta":{"_regular_price":[],"currency_symbol":[],"_vp_format_video_url":"","_vp_image_focal_point":[],"footnotes":""},"class_list":["post-89","page","type-page","status-publish","hentry"],"post_slider_layout_featured_media_urls":{"thumbnail":"","post_slider_layout_landscape_large":"","post_slider_layout_portrait_large":"","post_slider_layout_square_large":"","post_slider_layout_landscape":"","post_slider_layout_portrait":"","post_slider_layout_square":"","full":""},"_links":{"self":[{"href":"https:\/\/eveilvert.com\/index.php?rest_route=\/wp\/v2\/pages\/89","targetHints":{"allow":["GET"]}}],"collection":[{"href":"https:\/\/eveilvert.com\/index.php?rest_route=\/wp\/v2\/pages"}],"about":[{"href":"https:\/\/eveilvert.com\/index.php?rest_route=\/wp\/v2\/types\/page"}],"author":[{"embeddable":true,"href":"https:\/\/eveilvert.com\/index.php?rest_route=\/wp\/v2\/users\/1"}],"replies":[{"embeddable":true,"href":"https:\/\/eveilvert.com\/index.php?rest_route=%2Fwp%2Fv2%2Fcomments&post=89"}],"version-history":[{"count":4,"href":"https:\/\/eveilvert.com\/index.php?rest_route=\/wp\/v2\/pages\/89\/revisions"}],"predecessor-version":[{"id":318,"href":"https:\/\/eveilvert.com\/index.php?rest_route=\/wp\/v2\/pages\/89\/revisions\/318"}],"wp:attachment":[{"href":"https:\/\/eveilvert.com\/index.php?rest_route=%2Fwp%2Fv2%2Fmedia&parent=89"}],"curies":[{"name":"wp","href":"https:\/\/api.w.org\/{rel}","templated":true}]}}