{"id":60,"date":"2019-10-05T05:29:51","date_gmt":"2019-10-05T05:29:51","guid":{"rendered":"http:\/\/eveilvert.com\/?page_id=60"},"modified":"2025-04-07T13:47:16","modified_gmt":"2025-04-07T12:47:16","slug":"workshop-pour-les-particuliers","status":"publish","type":"page","link":"https:\/\/eveilvert.com\/?page_id=60","title":{"rendered":"NOS PRESTATIONS"},"content":{"rendered":"\t\t<div data-elementor-type=\"wp-page\" data-elementor-id=\"60\" class=\"elementor elementor-60\" data-elementor-settings=\"[]\">\n\t\t\t\t\t\t<div class=\"elementor-inner\">\n\t\t\t\t\t\t\t<div class=\"elementor-section-wrap\">\n\t\t\t\t\t\t\t<section class=\"elementor-section elementor-top-section elementor-element elementor-element-76ffb43c elementor-section-boxed elementor-section-height-default elementor-section-height-default\" data-id=\"76ffb43c\" data-element_type=\"section\">\n\t\t\t\t\t\t<div class=\"elementor-container elementor-column-gap-default\">\n\t\t\t\t\t\t\t<div class=\"elementor-row\">\n\t\t\t\t\t<div class=\"elementor-column elementor-col-100 elementor-top-column elementor-element elementor-element-965e0a6\" data-id=\"965e0a6\" data-element_type=\"column\">\n\t\t\t<div class=\"elementor-column-wrap elementor-element-populated\">\n\t\t\t\t\t\t\t<div class=\"elementor-widget-wrap\">\n\t\t\t\t\t\t<div class=\"elementor-element elementor-element-2c9f6a42 elementor-widget elementor-widget-text-editor\" data-id=\"2c9f6a42\" data-element_type=\"widget\" data-widget_type=\"text-editor.default\">\n\t\t\t\t<div class=\"elementor-widget-container\">\n\t\t\t\t\t\t\t\t<div class=\"elementor-text-editor elementor-clearfix\">\n\t\t\t\t<!-- wp:heading -->\n<h1>\u00a0<\/h1>\n<h1>\u00a0<\/h1>\n<h1>\u00a0<\/h1>\n<h1>Coaching de Vie<\/h1>\n<p>\u00a0<\/p>\n<p><span style=\"color: #000080;\">Chaque personne est unique et doit \u00eatre accompagn\u00e9e en cons\u00e9quence.<\/span><\/p>\n<p><span style=\"color: #000080;\">Nous \u00e9tablissons ensemble votre objectif. <br \/><\/span><\/p>\n<p><span style=\"color: #000080;\">Comment vous reconstruire.<\/span><\/p>\n<p><span style=\"color: #000080;\"> M\u00eame si on comprend pourquoi on a du mal \u00e0 faire confiance, ou pourquoi on ne s&#8217;aime pas ou pourquoi on mange pour compenser&#8230;<\/span><\/p>\n<p><span style=\"color: #000080;\">Sans outils adapt\u00e9 on ne sait pas comment se changer durablement.<br \/><\/span><\/p>\n<p><span style=\"color: #000080;\">Mon r\u00f4le est de vous accompagner, vous transmettre des outils pratiques et tangibles pour transcender vos programmes.<\/span><\/p>\n<p><span style=\"color: #000080;\">Vous transmettre une autonomie du bien-\u00eatre.<\/span><\/p>\n<p><span style=\"color: #000080;\">Que se soit pour un challenge de reprise de confiance en soi, d&#8217;ancrage, de perte de cheveux, de probl\u00e8mes de peaux, de perte ou de prise de poids ou encore transcender un cancer, une scl\u00e9rose en plaque, une maladie neurod\u00e9g\u00e9n\u00e9rative ou une d\u00e9pression, un Burnout. <\/span><\/p>\n<p><span style=\"color: #000080;\">Je vous soutiens, vous conseille pour que l&#8217;on transforme ces challenges, ensemble, un pas apr\u00e8s l&#8217;autre.<\/span><\/p>\n<p>\u00a0<\/p>\n<h1>Coaching\u00a0 de Fin de Vie<\/h1>\n<p>\u00a0<\/p>\n<h2><span style=\"color: #000080;\">Lorsque l&#8217;on sait que l&#8217;on va partir, quitter nos proches, provoque beaucoup d\u2019inqui\u00e9tude.<\/span><\/h2>\n<p><span style=\"color: #000080;\">On ne comprend pas toujours la distribution des cartes de nos vies et les challenges qui viennent nous bousculer, la seule r\u00e9elle option qu&#8217;il nous reste parfois, c&#8217;est: comment\u00a0 le vivre !?<\/span><\/p>\n<p><span style=\"color: #000080;\">La r\u00e9ponse, est : faire ressortir la beaut\u00e9 cach\u00e9e de chaque situation !<\/span><\/p>\n<p><span style=\"color: #000080;\">Je vous aide \u00e0 penser objectivement \u00e0 ceux qui vont rester.<\/span><\/p>\n<p><span style=\"color: #000080;\">Mon r\u00f4le est de vous soutenir et de stimuler votre imagination pour que votre d\u00e9part laisse un souvenir inspirant face \u00e0 l&#8217;inacceptable pour vos proches. Et pour \u00eatre s\u00fbr de retourner \u00e0 notre source originelle.\u00a0<\/span><\/p>\n<p>\u00a0<\/p>\n<h2><strong>SOINS AYURVEDIQUES<\/strong><\/h2>\n<ul>\n<li>bilan bien-\u00eatre personnalis\u00e9 avec l&#8217;Ayurveda pour une guidance sur mesure<\/li>\n<li>th\u00e9rapie capillaire sp\u00e9cialis\u00e9e pour les chutes de cheveux et troubles divers du cuir chevelu.<\/li>\n<li>soin esth\u00e9tique pour soulager les peaux en souffrances.<\/li>\n<li>Soins anti-douleur.<\/li>\n<\/ul>\n<p>N&#8217;h\u00e9sitez pas <a href=\"https:\/\/eveilvert.com\/?page_id=100\">\u00e0 nous contacter<\/a> pour plus de renseignements sur nos soins ayurv\u00e9diques.<\/p>\n<!-- \/wp:paragraph --><!-- wp:gallery {\"ids\":[254],\"linkTo\":\"none\"} -->\n<figure class=\"wp-block-gallery columns-1 is-cropped\">\n<figure><img loading=\"lazy\" decoding=\"async\" width=\"960\" height=\"960\" class=\"wp-image-254\" src=\"https:\/\/eveilvert.com\/wp-content\/uploads\/2020\/12\/14068261_2069636876594885_3145642660938507341_n.jpg\" alt=\"\" data-id=\"254\" data-link=\"https:\/\/eveilvert.com\/?attachment_id=254\" srcset=\"https:\/\/eveilvert.com\/wp-content\/uploads\/2020\/12\/14068261_2069636876594885_3145642660938507341_n.jpg 960w, https:\/\/eveilvert.com\/wp-content\/uploads\/2020\/12\/14068261_2069636876594885_3145642660938507341_n-150x150.jpg 150w, https:\/\/eveilvert.com\/wp-content\/uploads\/2020\/12\/14068261_2069636876594885_3145642660938507341_n-300x300.jpg 300w, https:\/\/eveilvert.com\/wp-content\/uploads\/2020\/12\/14068261_2069636876594885_3145642660938507341_n-768x768.jpg 768w, https:\/\/eveilvert.com\/wp-content\/uploads\/2020\/12\/14068261_2069636876594885_3145642660938507341_n-500x500.jpg 500w, https:\/\/eveilvert.com\/wp-content\/uploads\/2020\/12\/14068261_2069636876594885_3145642660938507341_n-800x800.jpg 800w\" sizes=\"auto, (max-width: 960px) 100vw, 960px\" \/><\/figure>\n<\/figure>\n<!-- \/wp:gallery --><!-- wp:heading -->\n<h2><strong>WORKSHOP ENTRE AMI(E)S<\/strong><\/h2>\n<!-- \/wp:heading --><!-- wp:heading -->\n<h3><strong><span style=\"color: #008080;\">Cr\u00e9ez vos propres recettes beaut\u00e9<\/span><\/strong><\/h3>\n<!-- \/wp:heading --><!-- wp:gallery {\"ids\":[251,252,171,276,277,278],\"linkTo\":\"none\"} -->\n<figure class=\"wp-block-gallery columns-3 is-cropped\">\n<ul class=\"blocks-gallery-grid\">\n<li class=\"blocks-gallery-item\">\n<figure><img loading=\"lazy\" decoding=\"async\" width=\"835\" height=\"626\" class=\"wp-image-251\" src=\"https:\/\/eveilvert.com\/wp-content\/uploads\/2020\/12\/IMG_20200629_135213.jpg\" alt=\"\" data-id=\"251\" data-link=\"https:\/\/eveilvert.com\/?attachment_id=251\" srcset=\"https:\/\/eveilvert.com\/wp-content\/uploads\/2020\/12\/IMG_20200629_135213.jpg 835w, https:\/\/eveilvert.com\/wp-content\/uploads\/2020\/12\/IMG_20200629_135213-300x225.jpg 300w, https:\/\/eveilvert.com\/wp-content\/uploads\/2020\/12\/IMG_20200629_135213-768x576.jpg 768w, https:\/\/eveilvert.com\/wp-content\/uploads\/2020\/12\/IMG_20200629_135213-500x375.jpg 500w, https:\/\/eveilvert.com\/wp-content\/uploads\/2020\/12\/IMG_20200629_135213-800x600.jpg 800w, https:\/\/eveilvert.com\/wp-content\/uploads\/2020\/12\/IMG_20200629_135213-400x300.jpg 400w\" sizes=\"auto, (max-width: 835px) 100vw, 835px\" \/><\/figure>\n<\/li>\n<li class=\"blocks-gallery-item\">\n<figure><img loading=\"lazy\" decoding=\"async\" width=\"835\" height=\"626\" class=\"wp-image-252\" src=\"https:\/\/eveilvert.com\/wp-content\/uploads\/2020\/12\/IMG_20191225_104222.jpg\" alt=\"\" data-id=\"252\" data-link=\"https:\/\/eveilvert.com\/?attachment_id=252\" srcset=\"https:\/\/eveilvert.com\/wp-content\/uploads\/2020\/12\/IMG_20191225_104222.jpg 835w, https:\/\/eveilvert.com\/wp-content\/uploads\/2020\/12\/IMG_20191225_104222-300x225.jpg 300w, https:\/\/eveilvert.com\/wp-content\/uploads\/2020\/12\/IMG_20191225_104222-768x576.jpg 768w, https:\/\/eveilvert.com\/wp-content\/uploads\/2020\/12\/IMG_20191225_104222-500x375.jpg 500w, https:\/\/eveilvert.com\/wp-content\/uploads\/2020\/12\/IMG_20191225_104222-800x600.jpg 800w, https:\/\/eveilvert.com\/wp-content\/uploads\/2020\/12\/IMG_20191225_104222-400x300.jpg 400w\" sizes=\"auto, (max-width: 835px) 100vw, 835px\" \/><\/figure>\n<\/li>\n<li class=\"blocks-gallery-item\">\n<figure><img loading=\"lazy\" decoding=\"async\" width=\"768\" height=\"1024\" class=\"wp-image-171\" src=\"https:\/\/eveilvert.com\/wp-content\/uploads\/2019\/10\/IMG_20190328_134900-768x1024.jpg\" alt=\"\" data-id=\"171\" data-link=\"https:\/\/eveilvert.com\/?attachment_id=171\" srcset=\"https:\/\/eveilvert.com\/wp-content\/uploads\/2019\/10\/IMG_20190328_134900-768x1024.jpg 768w, https:\/\/eveilvert.com\/wp-content\/uploads\/2019\/10\/IMG_20190328_134900-225x300.jpg 225w\" sizes=\"auto, (max-width: 768px) 100vw, 768px\" \/>\n<figcaption class=\"blocks-gallery-item__caption\"><\/figcaption>\n<\/figure>\n<\/li>\n<li class=\"blocks-gallery-item\">\n<figure><img loading=\"lazy\" decoding=\"async\" width=\"1024\" height=\"768\" class=\"wp-image-276\" src=\"https:\/\/eveilvert.com\/wp-content\/uploads\/2020\/12\/IMG_1245-1024x768.jpg\" alt=\"\" data-id=\"276\" data-link=\"https:\/\/eveilvert.com\/?attachment_id=276\" srcset=\"https:\/\/eveilvert.com\/wp-content\/uploads\/2020\/12\/IMG_1245-1024x768.jpg 1024w, https:\/\/eveilvert.com\/wp-content\/uploads\/2020\/12\/IMG_1245-300x225.jpg 300w, https:\/\/eveilvert.com\/wp-content\/uploads\/2020\/12\/IMG_1245-768x576.jpg 768w, https:\/\/eveilvert.com\/wp-content\/uploads\/2020\/12\/IMG_1245-500x375.jpg 500w, https:\/\/eveilvert.com\/wp-content\/uploads\/2020\/12\/IMG_1245-800x600.jpg 800w, https:\/\/eveilvert.com\/wp-content\/uploads\/2020\/12\/IMG_1245-1280x960.jpg 1280w, https:\/\/eveilvert.com\/wp-content\/uploads\/2020\/12\/IMG_1245-400x300.jpg 400w, https:\/\/eveilvert.com\/wp-content\/uploads\/2020\/12\/IMG_1245.jpg 1632w\" sizes=\"auto, (max-width: 1024px) 100vw, 1024px\" \/><\/figure>\n<\/li>\n<li class=\"blocks-gallery-item\">\n<figure><img loading=\"lazy\" decoding=\"async\" width=\"1024\" height=\"768\" class=\"wp-image-277\" src=\"https:\/\/eveilvert.com\/wp-content\/uploads\/2020\/12\/IMG_1243-1024x768.jpg\" alt=\"\" data-id=\"277\" data-link=\"https:\/\/eveilvert.com\/?attachment_id=277\" srcset=\"https:\/\/eveilvert.com\/wp-content\/uploads\/2020\/12\/IMG_1243-1024x768.jpg 1024w, https:\/\/eveilvert.com\/wp-content\/uploads\/2020\/12\/IMG_1243-300x225.jpg 300w, https:\/\/eveilvert.com\/wp-content\/uploads\/2020\/12\/IMG_1243-768x576.jpg 768w, https:\/\/eveilvert.com\/wp-content\/uploads\/2020\/12\/IMG_1243-500x375.jpg 500w, https:\/\/eveilvert.com\/wp-content\/uploads\/2020\/12\/IMG_1243-800x600.jpg 800w, https:\/\/eveilvert.com\/wp-content\/uploads\/2020\/12\/IMG_1243-1280x960.jpg 1280w, https:\/\/eveilvert.com\/wp-content\/uploads\/2020\/12\/IMG_1243-400x300.jpg 400w, https:\/\/eveilvert.com\/wp-content\/uploads\/2020\/12\/IMG_1243.jpg 1632w\" sizes=\"auto, (max-width: 1024px) 100vw, 1024px\" \/><\/figure>\n<\/li>\n<li class=\"blocks-gallery-item\">\n<figure><img loading=\"lazy\" decoding=\"async\" width=\"1024\" height=\"768\" class=\"wp-image-278\" src=\"https:\/\/eveilvert.com\/wp-content\/uploads\/2020\/12\/IMG_1242-1024x768.jpg\" alt=\"\" data-id=\"278\" data-link=\"https:\/\/eveilvert.com\/?attachment_id=278\" srcset=\"https:\/\/eveilvert.com\/wp-content\/uploads\/2020\/12\/IMG_1242-1024x768.jpg 1024w, https:\/\/eveilvert.com\/wp-content\/uploads\/2020\/12\/IMG_1242-300x225.jpg 300w, https:\/\/eveilvert.com\/wp-content\/uploads\/2020\/12\/IMG_1242-768x576.jpg 768w, https:\/\/eveilvert.com\/wp-content\/uploads\/2020\/12\/IMG_1242-500x375.jpg 500w, https:\/\/eveilvert.com\/wp-content\/uploads\/2020\/12\/IMG_1242-800x600.jpg 800w, https:\/\/eveilvert.com\/wp-content\/uploads\/2020\/12\/IMG_1242-1280x960.jpg 1280w, https:\/\/eveilvert.com\/wp-content\/uploads\/2020\/12\/IMG_1242-400x300.jpg 400w, https:\/\/eveilvert.com\/wp-content\/uploads\/2020\/12\/IMG_1242.jpg 1632w\" sizes=\"auto, (max-width: 1024px) 100vw, 1024px\" \/><\/figure>\n<\/li>\n<\/ul>\n<\/figure>\n<!-- \/wp:gallery --><!-- wp:gallery {\"ids\":[255,256,257,258],\"linkTo\":\"none\"} -->\n<figure class=\"wp-block-gallery columns-3 is-cropped\">\n<ul class=\"blocks-gallery-grid\">\n<li class=\"blocks-gallery-item\">\n<figure><img loading=\"lazy\" decoding=\"async\" width=\"1024\" height=\"768\" class=\"wp-image-255\" src=\"https:\/\/eveilvert.com\/wp-content\/uploads\/2020\/12\/IMG_20191010_132218-1024x768.jpg\" alt=\"\" data-id=\"255\" data-link=\"https:\/\/eveilvert.com\/?attachment_id=255\" srcset=\"https:\/\/eveilvert.com\/wp-content\/uploads\/2020\/12\/IMG_20191010_132218-1024x768.jpg 1024w, https:\/\/eveilvert.com\/wp-content\/uploads\/2020\/12\/IMG_20191010_132218-300x225.jpg 300w, https:\/\/eveilvert.com\/wp-content\/uploads\/2020\/12\/IMG_20191010_132218-768x576.jpg 768w, https:\/\/eveilvert.com\/wp-content\/uploads\/2020\/12\/IMG_20191010_132218-500x375.jpg 500w, https:\/\/eveilvert.com\/wp-content\/uploads\/2020\/12\/IMG_20191010_132218-800x600.jpg 800w, https:\/\/eveilvert.com\/wp-content\/uploads\/2020\/12\/IMG_20191010_132218-1280x960.jpg 1280w, https:\/\/eveilvert.com\/wp-content\/uploads\/2020\/12\/IMG_20191010_132218-400x300.jpg 400w, https:\/\/eveilvert.com\/wp-content\/uploads\/2020\/12\/IMG_20191010_132218.jpg 1600w\" sizes=\"auto, (max-width: 1024px) 100vw, 1024px\" \/><\/figure>\n<\/li>\n<li class=\"blocks-gallery-item\">\n<figure><img loading=\"lazy\" decoding=\"async\" width=\"1024\" height=\"768\" class=\"wp-image-256\" src=\"https:\/\/eveilvert.com\/wp-content\/uploads\/2020\/12\/IMG_20191008_115930-1024x768.jpg\" alt=\"\" data-id=\"256\" data-link=\"https:\/\/eveilvert.com\/?attachment_id=256\" srcset=\"https:\/\/eveilvert.com\/wp-content\/uploads\/2020\/12\/IMG_20191008_115930-1024x768.jpg 1024w, https:\/\/eveilvert.com\/wp-content\/uploads\/2020\/12\/IMG_20191008_115930-300x225.jpg 300w, https:\/\/eveilvert.com\/wp-content\/uploads\/2020\/12\/IMG_20191008_115930-768x576.jpg 768w, https:\/\/eveilvert.com\/wp-content\/uploads\/2020\/12\/IMG_20191008_115930-500x375.jpg 500w, https:\/\/eveilvert.com\/wp-content\/uploads\/2020\/12\/IMG_20191008_115930-800x600.jpg 800w, https:\/\/eveilvert.com\/wp-content\/uploads\/2020\/12\/IMG_20191008_115930-1280x960.jpg 1280w, https:\/\/eveilvert.com\/wp-content\/uploads\/2020\/12\/IMG_20191008_115930-400x300.jpg 400w, https:\/\/eveilvert.com\/wp-content\/uploads\/2020\/12\/IMG_20191008_115930.jpg 1632w\" sizes=\"auto, (max-width: 1024px) 100vw, 1024px\" \/><\/figure>\n<\/li>\n<li class=\"blocks-gallery-item\">\n<figure><img loading=\"lazy\" decoding=\"async\" width=\"768\" height=\"1024\" class=\"wp-image-257\" src=\"https:\/\/eveilvert.com\/wp-content\/uploads\/2020\/12\/IMG_20191008_120858-768x1024.jpg\" alt=\"\" data-id=\"257\" data-link=\"https:\/\/eveilvert.com\/?attachment_id=257\" srcset=\"https:\/\/eveilvert.com\/wp-content\/uploads\/2020\/12\/IMG_20191008_120858-768x1024.jpg 768w, https:\/\/eveilvert.com\/wp-content\/uploads\/2020\/12\/IMG_20191008_120858-225x300.jpg 225w, https:\/\/eveilvert.com\/wp-content\/uploads\/2020\/12\/IMG_20191008_120858-375x500.jpg 375w, https:\/\/eveilvert.com\/wp-content\/uploads\/2020\/12\/IMG_20191008_120858-600x800.jpg 600w, https:\/\/eveilvert.com\/wp-content\/uploads\/2020\/12\/IMG_20191008_120858-960x1280.jpg 960w, https:\/\/eveilvert.com\/wp-content\/uploads\/2020\/12\/IMG_20191008_120858.jpg 1224w\" sizes=\"auto, (max-width: 768px) 100vw, 768px\" \/><\/figure>\n<\/li>\n<li class=\"blocks-gallery-item\">\n<figure><img loading=\"lazy\" decoding=\"async\" width=\"1024\" height=\"264\" class=\"wp-image-258\" src=\"https:\/\/eveilvert.com\/wp-content\/uploads\/2020\/12\/IMG_20191021_083324-1024x264.jpg\" alt=\"\" data-id=\"258\" data-link=\"https:\/\/eveilvert.com\/?attachment_id=258\" srcset=\"https:\/\/eveilvert.com\/wp-content\/uploads\/2020\/12\/IMG_20191021_083324-1024x264.jpg 1024w, https:\/\/eveilvert.com\/wp-content\/uploads\/2020\/12\/IMG_20191021_083324-300x77.jpg 300w, https:\/\/eveilvert.com\/wp-content\/uploads\/2020\/12\/IMG_20191021_083324-768x198.jpg 768w, https:\/\/eveilvert.com\/wp-content\/uploads\/2020\/12\/IMG_20191021_083324-500x129.jpg 500w, https:\/\/eveilvert.com\/wp-content\/uploads\/2020\/12\/IMG_20191021_083324-800x206.jpg 800w, https:\/\/eveilvert.com\/wp-content\/uploads\/2020\/12\/IMG_20191021_083324-1280x330.jpg 1280w, https:\/\/eveilvert.com\/wp-content\/uploads\/2020\/12\/IMG_20191021_083324.jpg 1366w\" sizes=\"auto, (max-width: 1024px) 100vw, 1024px\" \/><\/figure>\n<\/li>\n<\/ul>\n<\/figure>\n<!-- \/wp:gallery --><!-- wp:paragraph -->\n<h3><span style=\"color: #008080;\"><strong>Cr\u00e9ez vos propres d\u00e9tergents maison<\/strong><\/span><\/h3>\n<!-- \/wp:paragraph --><!-- wp:paragraph -->\n<p>Transformez votre maison en un lieu de paix respectueux de l&#8217;environnement.<\/p>\n<!-- \/wp:paragraph -->\t\t\t\t\t<\/div>\n\t\t\t\t\t\t<\/div>\n\t\t\t\t<\/div>\n\t\t\t\t\t\t<\/div>\n\t\t\t\t\t<\/div>\n\t\t<\/div>\n\t\t\t\t\t\t\t\t<\/div>\n\t\t\t\t\t<\/div>\n\t\t<\/section>\n\t\t\t\t\t\t<\/div>\n\t\t\t\t\t\t<\/div>\n\t\t\t\t\t<\/div>\n\t\t","protected":false},"excerpt":{"rendered":"<p>\u00a0 \u00a0 \u00a0 Coaching de Vie \u00a0 Chaque personne est unique et doit \u00eatre accompagn\u00e9e en cons\u00e9quence. Nous \u00e9tablissons ensemble votre objectif. Comment vous reconstruire. M\u00eame si on comprend pourquoi on a du mal \u00e0 faire confiance, ou pourquoi on ne s&#8217;aime pas ou pourquoi on mange pour compenser&#8230; Sans outils adapt\u00e9 on ne sait [&hellip;]<\/p>\n","protected":false},"author":1,"featured_media":0,"parent":0,"menu_order":0,"comment_status":"closed","ping_status":"closed","template":"","meta":{"_regular_price":[],"currency_symbol":[],"_vp_format_video_url":"","_vp_image_focal_point":[],"footnotes":""},"class_list":["post-60","page","type-page","status-publish","hentry"],"post_slider_layout_featured_media_urls":{"thumbnail":"","post_slider_layout_landscape_large":"","post_slider_layout_portrait_large":"","post_slider_layout_square_large":"","post_slider_layout_landscape":"","post_slider_layout_portrait":"","post_slider_layout_square":"","full":""},"_links":{"self":[{"href":"https:\/\/eveilvert.com\/index.php?rest_route=\/wp\/v2\/pages\/60","targetHints":{"allow":["GET"]}}],"collection":[{"href":"https:\/\/eveilvert.com\/index.php?rest_route=\/wp\/v2\/pages"}],"about":[{"href":"https:\/\/eveilvert.com\/index.php?rest_route=\/wp\/v2\/types\/page"}],"author":[{"embeddable":true,"href":"https:\/\/eveilvert.com\/index.php?rest_route=\/wp\/v2\/users\/1"}],"replies":[{"embeddable":true,"href":"https:\/\/eveilvert.com\/index.php?rest_route=%2Fwp%2Fv2%2Fcomments&post=60"}],"version-history":[{"count":25,"href":"https:\/\/eveilvert.com\/index.php?rest_route=\/wp\/v2\/pages\/60\/revisions"}],"predecessor-version":[{"id":879,"href":"https:\/\/eveilvert.com\/index.php?rest_route=\/wp\/v2\/pages\/60\/revisions\/879"}],"wp:attachment":[{"href":"https:\/\/eveilvert.com\/index.php?rest_route=%2Fwp%2Fv2%2Fmedia&parent=60"}],"curies":[{"name":"wp","href":"https:\/\/api.w.org\/{rel}","templated":true}]}}