{"id":31,"date":"2019-10-05T02:46:12","date_gmt":"2019-10-05T01:46:12","guid":{"rendered":"http:\/\/eveilvert.com\/?page_id=31"},"modified":"2025-02-16T15:59:01","modified_gmt":"2025-02-16T14:59:01","slug":"nos-prestations","status":"publish","type":"page","link":"https:\/\/eveilvert.com\/?page_id=31","title":{"rendered":"Nos prestations pour les Professionnels"},"content":{"rendered":"\t\t<div data-elementor-type=\"wp-page\" data-elementor-id=\"31\" class=\"elementor elementor-31\" data-elementor-settings=\"[]\">\n\t\t\t\t\t\t<div class=\"elementor-inner\">\n\t\t\t\t\t\t\t<div class=\"elementor-section-wrap\">\n\t\t\t\t\t\t\t<section class=\"elementor-section elementor-top-section elementor-element elementor-element-5c7df25c elementor-section-boxed elementor-section-height-default elementor-section-height-default\" data-id=\"5c7df25c\" data-element_type=\"section\">\n\t\t\t\t\t\t<div class=\"elementor-container elementor-column-gap-default\">\n\t\t\t\t\t\t\t<div class=\"elementor-row\">\n\t\t\t\t\t<div class=\"elementor-column elementor-col-100 elementor-top-column elementor-element elementor-element-450793fe\" data-id=\"450793fe\" data-element_type=\"column\">\n\t\t\t<div class=\"elementor-column-wrap elementor-element-populated\">\n\t\t\t\t\t\t\t<div class=\"elementor-widget-wrap\">\n\t\t\t\t\t\t<div class=\"elementor-element elementor-element-28567c5 elementor-widget elementor-widget-heading\" data-id=\"28567c5\" data-element_type=\"widget\" data-widget_type=\"heading.default\">\n\t\t\t\t<div class=\"elementor-widget-container\">\n\t\t\t<h2 class=\"elementor-heading-title elementor-size-default\">Th\u00e9rapies capillaires et esth\u00e9tiques<\/h2>\t\t<\/div>\n\t\t\t\t<\/div>\n\t\t\t\t<div class=\"elementor-element elementor-element-4eb4ef18 elementor-widget elementor-widget-text-editor\" data-id=\"4eb4ef18\" data-element_type=\"widget\" data-widget_type=\"text-editor.default\">\n\t\t\t\t<div class=\"elementor-widget-container\">\n\t\t\t\t\t\t\t\t<div class=\"elementor-text-editor elementor-clearfix\">\n\t\t\t\t<p>\u00a0<\/p>\n<p><!-- wp:embed {\"url\":\"https:\/\/youtu.be\/rutSP4ZaGWw\",\"type\":\"video\",\"providerNameSlug\":\"youtube\",\"responsive\":true} --><\/p>\n<figure>\n<p><iframe loading=\"lazy\" title=\"Eveil Vert beaut\u00e9\" width=\"640\" height=\"360\" src=\"https:\/\/www.youtube.com\/embed\/rutSP4ZaGWw?feature=oembed\" frameborder=\"0\" allow=\"accelerometer; autoplay; clipboard-write; encrypted-media; gyroscope; picture-in-picture; web-share\" referrerpolicy=\"strict-origin-when-cross-origin\" allowfullscreen><\/iframe><\/p>\n<\/figure>\n<p><!-- \/wp:embed --><\/p>\n<p><!-- wp:paragraph --><\/p>\n<h2>D\u00e9couvrez nos formations pour les professionnels de la coiffure\u00a0:<\/h2>\n<p><!-- \/wp:paragraph --><\/p>\n<p><!-- wp:paragraph --><\/p>\n<ul>\n<li>Vous avez un salon de coiffure professionnel utilisant d\u00e9j\u00e0 une marque de coloration 100% v\u00e9g\u00e9tale et vous souhaitez vous perfectionner dans la ma\u00eetrise des m\u00e9langes et celle de la neutralisation de certains reflets.<\/li>\n<\/ul>\n<p><b>Dur\u00e9e : 5 heures<\/b><br \/><b>Tarif : 150 \u20ac pour toute l&#8217;\u00e9quipe<\/b><\/p>\n<p><!-- \/wp:paragraph --><\/p>\n<p><!-- wp:paragraph --><\/p>\n<ul>\n<li>Formation en coloration v\u00e9g\u00e9tale et en lecture corporelle cognitive pour le modelage cran\u00e9o-sacral.<\/li>\n<\/ul>\n<p><b>Dur\u00e9e : 3 jours<\/b><br \/><b>Tarif : 750 \u20ac pour toute l&#8217;\u00e9quipe<\/b><\/p>\n<p><!-- \/wp:paragraph --><\/p>\n<p><!-- wp:paragraph --><\/p>\n<ul>\n<li>Vous avez un salon et vous utilisez des colorations semi-v\u00e9g\u00e9tales. Vous souhaitez ouvrir une bulle bio pour satisfaire une plus large client\u00e8le et d\u00e9couvrir l\u2019univers et les bienfaits des plantes.<\/li>\n<\/ul>\n<p><b>Dur\u00e9e : 2 jours formation compl\u00e8te pour toute l&#8217;\u00e9quipe)<b><br \/>Tarif : 500 \u20ac<\/b><\/b><\/p>\n<p><!-- \/wp:paragraph --><\/p>\n<p><!-- wp:paragraph --><\/p>\n<ul>\n<li>Formation et accompagnement d\u2019un mois au sein de votre salon\u00a0<\/li>\n<\/ul>\n<p><!-- \/wp:paragraph --><\/p>\n<p><!-- wp:paragraph --><\/p>\n<p><b>Dur\u00e9e : 1 mois \u00e0 temps complet<b><br \/>Tarif : 3000 \u20ac<\/b><\/b><\/p>\n<p><!-- \/wp:paragraph --><\/p>\n<p><!-- wp:heading --><\/p>\t\t\t\t\t<\/div>\n\t\t\t\t\t\t<\/div>\n\t\t\t\t<\/div>\n\t\t\t\t\t\t<\/div>\n\t\t\t\t\t<\/div>\n\t\t<\/div>\n\t\t\t\t\t\t\t\t<\/div>\n\t\t\t\t\t<\/div>\n\t\t<\/section>\n\t\t\t\t<section class=\"elementor-section elementor-top-section elementor-element elementor-element-94feeaf elementor-section-boxed elementor-section-height-default elementor-section-height-default\" data-id=\"94feeaf\" data-element_type=\"section\">\n\t\t\t\t\t\t<div class=\"elementor-container elementor-column-gap-default\">\n\t\t\t\t\t\t\t<div class=\"elementor-row\">\n\t\t\t\t\t<div class=\"elementor-column elementor-col-100 elementor-top-column elementor-element elementor-element-2189f42\" data-id=\"2189f42\" data-element_type=\"column\">\n\t\t\t<div class=\"elementor-column-wrap elementor-element-populated\">\n\t\t\t\t\t\t\t<div class=\"elementor-widget-wrap\">\n\t\t\t\t\t\t<div class=\"elementor-element elementor-element-66727da elementor-widget elementor-widget-image\" data-id=\"66727da\" data-element_type=\"widget\" data-widget_type=\"image.default\">\n\t\t\t\t<div class=\"elementor-widget-container\">\n\t\t\t\t\t\t\t\t<div class=\"elementor-image\">\n\t\t\t\t\t\t\t\t\t\t\t\t<img loading=\"lazy\" decoding=\"async\" width=\"640\" height=\"426\" src=\"https:\/\/eveilvert.com\/wp-content\/uploads\/2022\/01\/esthetique-eveil-vert-1024x682.jpg\" class=\"attachment-large size-large\" alt=\"eveil vert formation esth\u00e9tique\" \/>\t\t\t\t\t\t\t\t\t\t\t\t\t\t<\/div>\n\t\t\t\t\t\t<\/div>\n\t\t\t\t<\/div>\n\t\t\t\t\t\t<\/div>\n\t\t\t\t\t<\/div>\n\t\t<\/div>\n\t\t\t\t\t\t\t\t<\/div>\n\t\t\t\t\t<\/div>\n\t\t<\/section>\n\t\t\t\t<section class=\"elementor-section elementor-top-section elementor-element elementor-element-96c76c3 elementor-section-boxed elementor-section-height-default elementor-section-height-default\" data-id=\"96c76c3\" data-element_type=\"section\">\n\t\t\t\t\t\t<div class=\"elementor-container elementor-column-gap-default\">\n\t\t\t\t\t\t\t<div class=\"elementor-row\">\n\t\t\t\t\t<div class=\"elementor-column elementor-col-100 elementor-top-column elementor-element elementor-element-e1ffe55\" data-id=\"e1ffe55\" data-element_type=\"column\">\n\t\t\t<div class=\"elementor-column-wrap elementor-element-populated\">\n\t\t\t\t\t\t\t<div class=\"elementor-widget-wrap\">\n\t\t\t\t\t\t<div class=\"elementor-element elementor-element-8c50e1f elementor-widget elementor-widget-text-editor\" data-id=\"8c50e1f\" data-element_type=\"widget\" data-widget_type=\"text-editor.default\">\n\t\t\t\t<div class=\"elementor-widget-container\">\n\t\t\t\t\t\t\t\t<div class=\"elementor-text-editor elementor-clearfix\">\n\t\t\t\t<h2>D\u00e9couvrez nos formations pour les professionnels de l&#8217;esth\u00e9tique\u00a0:<\/h2>\n<p><!-- \/wp:heading --><\/p>\n<p><!-- wp:paragraph --><\/p>\n<ul>\n<li>Vous avez un centre de bien-\u00eatre est souhaitez organiser un cercle de femme autour de l\u2019\u00e9quilibre f\u00e9minin et de l\u2019harmonisation de son cycle via des outils naturels. Atelier de 4 heures avec soin du visage, des cheveux, des pieds et des mains se terminant par un modelage de tout le corps.<\/li>\n<\/ul>\n<p><!-- \/wp:paragraph --><\/p>\n<p><!-- wp:paragraph --><\/p>\n<p><b>Tarif\u00a0 : 20 euros par personne (minimum de 3 personnes, 12 maximum).<\/b><\/p>\n<p><!-- \/wp:paragraph --><\/p>\n<p><!-- wp:paragraph --><\/p>\n<ul>\n<li>Vous avez un spa hammam et vous souhaitez offrir un service suppl\u00e9mentaire de soins capillaires et colorants 100% naturel ainsi que des soins corporels en lecture cognitive.<\/li>\n<\/ul>\n<p><!-- \/wp:paragraph --><\/p>\n<p><!-- wp:paragraph --><\/p>\n<p><b>Dur\u00e9e : 1 mois \u00e0 temps complet<br \/>Tarif : 3000 \u20ac<\/b><\/p>\n<p><!-- \/wp:paragraph --><\/p>\n<p><!-- \/wp:paragraph --><\/p>\n<p>\u00a0<\/p>\t\t\t\t\t<\/div>\n\t\t\t\t\t\t<\/div>\n\t\t\t\t<\/div>\n\t\t\t\t\t\t<\/div>\n\t\t\t\t\t<\/div>\n\t\t<\/div>\n\t\t\t\t\t\t\t\t<\/div>\n\t\t\t\t\t<\/div>\n\t\t<\/section>\n\t\t\t\t\t\t<\/div>\n\t\t\t\t\t\t<\/div>\n\t\t\t\t\t<\/div>\n\t\t","protected":false},"excerpt":{"rendered":"<p>Th\u00e9rapies capillaires et esth\u00e9tiques \u00a0 D\u00e9couvrez nos formations pour les professionnels de la coiffure\u00a0: Vous avez un salon de coiffure professionnel utilisant d\u00e9j\u00e0 une marque de coloration 100% v\u00e9g\u00e9tale et vous souhaitez vous perfectionner dans la ma\u00eetrise des m\u00e9langes et celle de la neutralisation de certains reflets. Dur\u00e9e : 5 heuresTarif : 150 \u20ac pour [&hellip;]<\/p>\n","protected":false},"author":1,"featured_media":0,"parent":0,"menu_order":0,"comment_status":"closed","ping_status":"closed","template":"","meta":{"_regular_price":[],"currency_symbol":[],"_vp_format_video_url":"","_vp_image_focal_point":[],"footnotes":""},"class_list":["post-31","page","type-page","status-publish","hentry"],"post_slider_layout_featured_media_urls":{"thumbnail":"","post_slider_layout_landscape_large":"","post_slider_layout_portrait_large":"","post_slider_layout_square_large":"","post_slider_layout_landscape":"","post_slider_layout_portrait":"","post_slider_layout_square":"","full":""},"_links":{"self":[{"href":"https:\/\/eveilvert.com\/index.php?rest_route=\/wp\/v2\/pages\/31","targetHints":{"allow":["GET"]}}],"collection":[{"href":"https:\/\/eveilvert.com\/index.php?rest_route=\/wp\/v2\/pages"}],"about":[{"href":"https:\/\/eveilvert.com\/index.php?rest_route=\/wp\/v2\/types\/page"}],"author":[{"embeddable":true,"href":"https:\/\/eveilvert.com\/index.php?rest_route=\/wp\/v2\/users\/1"}],"replies":[{"embeddable":true,"href":"https:\/\/eveilvert.com\/index.php?rest_route=%2Fwp%2Fv2%2Fcomments&post=31"}],"version-history":[{"count":43,"href":"https:\/\/eveilvert.com\/index.php?rest_route=\/wp\/v2\/pages\/31\/revisions"}],"predecessor-version":[{"id":871,"href":"https:\/\/eveilvert.com\/index.php?rest_route=\/wp\/v2\/pages\/31\/revisions\/871"}],"wp:attachment":[{"href":"https:\/\/eveilvert.com\/index.php?rest_route=%2Fwp%2Fv2%2Fmedia&parent=31"}],"curies":[{"name":"wp","href":"https:\/\/api.w.org\/{rel}","templated":true}]}}