{"id":274,"date":"2020-12-03T21:51:10","date_gmt":"2020-12-03T21:51:10","guid":{"rendered":"http:\/\/eveilvert.com\/?page_id=274"},"modified":"2021-07-13T16:05:22","modified_gmt":"2021-07-13T16:05:22","slug":"therapie-capillaire-esthetique","status":"publish","type":"page","link":"https:\/\/eveilvert.com\/?page_id=274","title":{"rendered":"Th\u00e9rapie Capillaire &#038; Esth\u00e9tique"},"content":{"rendered":"\n<p>Prestations sans Abonnements:<\/p>\n\n\n\n<p>Coloration 1OO % v\u00e9g\u00e9tale cr\u00e9\u00e9e sur mesure en conscience pour vous.<\/p>\n\n\n\n<ul class=\"wp-block-gallery columns-1 is-cropped wp-block-gallery-1 is-layout-flex wp-block-gallery-is-layout-flex\"><li class=\"blocks-gallery-item\"><figure><img loading=\"lazy\" decoding=\"async\" width=\"1024\" height=\"644\" src=\"https:\/\/eveilvert.com\/wp-content\/uploads\/2020\/12\/les-drole-de-dame-1024x644.jpg\" alt=\"\" data-id=\"233\" data-link=\"https:\/\/eveilvert.com\/?attachment_id=233\" class=\"wp-image-233\" srcset=\"https:\/\/eveilvert.com\/wp-content\/uploads\/2020\/12\/les-drole-de-dame-1024x644.jpg 1024w, https:\/\/eveilvert.com\/wp-content\/uploads\/2020\/12\/les-drole-de-dame-300x189.jpg 300w, https:\/\/eveilvert.com\/wp-content\/uploads\/2020\/12\/les-drole-de-dame-768x483.jpg 768w, https:\/\/eveilvert.com\/wp-content\/uploads\/2020\/12\/les-drole-de-dame-500x315.jpg 500w, https:\/\/eveilvert.com\/wp-content\/uploads\/2020\/12\/les-drole-de-dame-800x503.jpg 800w, https:\/\/eveilvert.com\/wp-content\/uploads\/2020\/12\/les-drole-de-dame-1280x805.jpg 1280w, https:\/\/eveilvert.com\/wp-content\/uploads\/2020\/12\/les-drole-de-dame-1920x1208.jpg 1920w, https:\/\/eveilvert.com\/wp-content\/uploads\/2020\/12\/les-drole-de-dame-477x300.jpg 477w\" sizes=\"auto, (max-width: 1024px) 100vw, 1024px\" \/><figcaption>cr\u00e9ativit\u00e9\/S\u00e9duction\/Gourmandise<\/figcaption><\/figure><\/li><\/ul>\n\n\n\n<p><br><\/p>\n","protected":false},"excerpt":{"rendered":"<p>Prestations sans Abonnements: Coloration 1OO % v\u00e9g\u00e9tale cr\u00e9\u00e9e sur mesure en conscience pour vous.<\/p>\n","protected":false},"author":1,"featured_media":0,"parent":0,"menu_order":0,"comment_status":"closed","ping_status":"closed","template":"","meta":{"_regular_price":[],"currency_symbol":[],"_vp_format_video_url":"","_vp_image_focal_point":[],"footnotes":""},"class_list":["post-274","page","type-page","status-publish","hentry"],"post_slider_layout_featured_media_urls":{"thumbnail":"","post_slider_layout_landscape_large":"","post_slider_layout_portrait_large":"","post_slider_layout_square_large":"","post_slider_layout_landscape":"","post_slider_layout_portrait":"","post_slider_layout_square":"","full":""},"_links":{"self":[{"href":"https:\/\/eveilvert.com\/index.php?rest_route=\/wp\/v2\/pages\/274","targetHints":{"allow":["GET"]}}],"collection":[{"href":"https:\/\/eveilvert.com\/index.php?rest_route=\/wp\/v2\/pages"}],"about":[{"href":"https:\/\/eveilvert.com\/index.php?rest_route=\/wp\/v2\/types\/page"}],"author":[{"embeddable":true,"href":"https:\/\/eveilvert.com\/index.php?rest_route=\/wp\/v2\/users\/1"}],"replies":[{"embeddable":true,"href":"https:\/\/eveilvert.com\/index.php?rest_route=%2Fwp%2Fv2%2Fcomments&post=274"}],"version-history":[{"count":2,"href":"https:\/\/eveilvert.com\/index.php?rest_route=\/wp\/v2\/pages\/274\/revisions"}],"predecessor-version":[{"id":322,"href":"https:\/\/eveilvert.com\/index.php?rest_route=\/wp\/v2\/pages\/274\/revisions\/322"}],"wp:attachment":[{"href":"https:\/\/eveilvert.com\/index.php?rest_route=%2Fwp%2Fv2%2Fmedia&parent=274"}],"curies":[{"name":"wp","href":"https:\/\/api.w.org\/{rel}","templated":true}]}}