{"id":20,"date":"2019-10-04T09:52:10","date_gmt":"2019-10-04T08:52:10","guid":{"rendered":"http:\/\/eveilvert.com\/?page_id=20"},"modified":"2022-01-05T17:33:46","modified_gmt":"2022-01-05T16:33:46","slug":"estheticienne-holistique","status":"publish","type":"page","link":"https:\/\/eveilvert.com\/?page_id=20","title":{"rendered":"Sp\u00e9cialisation esth\u00e9ticienne holistique"},"content":{"rendered":"\t\t<div data-elementor-type=\"wp-page\" data-elementor-id=\"20\" class=\"elementor elementor-20\" data-elementor-settings=\"[]\">\n\t\t\t\t\t\t<div class=\"elementor-inner\">\n\t\t\t\t\t\t\t<div class=\"elementor-section-wrap\">\n\t\t\t\t\t\t\t<section class=\"elementor-section elementor-top-section elementor-element elementor-element-ef90e7b elementor-section-boxed elementor-section-height-default elementor-section-height-default\" data-id=\"ef90e7b\" data-element_type=\"section\">\n\t\t\t\t\t\t<div class=\"elementor-container elementor-column-gap-default\">\n\t\t\t\t\t\t\t<div class=\"elementor-row\">\n\t\t\t\t\t<div class=\"elementor-column elementor-col-100 elementor-top-column elementor-element elementor-element-9acee8f\" data-id=\"9acee8f\" data-element_type=\"column\">\n\t\t\t<div class=\"elementor-column-wrap elementor-element-populated\">\n\t\t\t\t\t\t\t<div class=\"elementor-widget-wrap\">\n\t\t\t\t\t\t<div class=\"elementor-element elementor-element-47523e6 elementor-widget elementor-widget-image\" data-id=\"47523e6\" data-element_type=\"widget\" data-widget_type=\"image.default\">\n\t\t\t\t<div class=\"elementor-widget-container\">\n\t\t\t\t\t\t\t\t<div class=\"elementor-image\">\n\t\t\t\t\t\t\t\t\t\t\t\t<img loading=\"lazy\" decoding=\"async\" width=\"640\" height=\"426\" src=\"https:\/\/eveilvert.com\/wp-content\/uploads\/2022\/01\/estheticienne-eveil-vert-1-1024x682.jpg\" class=\"attachment-large size-large\" alt=\"\" \/>\t\t\t\t\t\t\t\t\t\t\t\t\t\t<\/div>\n\t\t\t\t\t\t<\/div>\n\t\t\t\t<\/div>\n\t\t\t\t\t\t<\/div>\n\t\t\t\t\t<\/div>\n\t\t<\/div>\n\t\t\t\t\t\t\t\t<\/div>\n\t\t\t\t\t<\/div>\n\t\t<\/section>\n\t\t\t\t<section class=\"elementor-section elementor-top-section elementor-element elementor-element-2c09981b elementor-section-boxed elementor-section-height-default elementor-section-height-default\" data-id=\"2c09981b\" data-element_type=\"section\">\n\t\t\t\t\t\t<div class=\"elementor-container elementor-column-gap-default\">\n\t\t\t\t\t\t\t<div class=\"elementor-row\">\n\t\t\t\t\t<div class=\"elementor-column elementor-col-100 elementor-top-column elementor-element elementor-element-3d3f4795\" data-id=\"3d3f4795\" data-element_type=\"column\">\n\t\t\t<div class=\"elementor-column-wrap elementor-element-populated\">\n\t\t\t\t\t\t\t<div class=\"elementor-widget-wrap\">\n\t\t\t\t\t\t<div class=\"elementor-element elementor-element-5f657ef5 elementor-widget elementor-widget-text-editor\" data-id=\"5f657ef5\" data-element_type=\"widget\" data-widget_type=\"text-editor.default\">\n\t\t\t\t<div class=\"elementor-widget-container\">\n\t\t\t\t\t\t\t\t<div class=\"elementor-text-editor elementor-clearfix\">\n\t\t\t\t<p><!-- wp:paragraph --><\/p>\n<blockquote>\n<p><strong>VOIR LA VRAIE BEAUT\u00c9 QUI SE CACHE EN CHACUN ET LA RENDRE VISIBLE AUX YEUX DE TOUS<\/strong><\/p>\n<\/blockquote>\n<p><!-- \/wp:paragraph --><\/p>\n<p><!-- wp:paragraph --><\/p>\n<p><strong>Objectif :<\/strong> d\u00e9velopper des connaissances pour enrichir vos facult\u00e9s inn\u00e9es.<\/p>\n<p><!-- \/wp:paragraph --><\/p>\n<p><!-- wp:paragraph --><\/p>\n<p><strong>Notre corps est un temple<\/strong>, le seul endroit o\u00f9 nous sommes s\u00fbr de rester jusqu\u2019\u00e0 la fin, <strong>nous devons donc l\u2019aimer et en prendre soin,<\/strong> pour rendre notre voyage sur terre le plus agr\u00e9able possible.<\/p>\n<p><!-- \/wp:paragraph --><\/p>\n<p><!-- wp:paragraph --><\/p>\n<p>Dans le monde entier, lorsque les femmes ont le moral au plus bas, mais \u00e9galement de nombreux hommes, une grande majorit\u00e9 \u00e9prouve le besoin d\u2019aller changer de t\u00eate. Le coiffeur ou l\u2019esth\u00e9ticienne sont les confidents de tant d\u2019\u00e9preuves, sans toujours avoir les connaissances et les facult\u00e9s pour soutenir leur prochain.<\/p>\n<p><!-- \/wp:paragraph --><\/p>\n<p><!-- wp:paragraph --><\/p>\n<p><strong>Nous croyons \u00e0 la formation et non au formatage.<\/strong><br \/>Chaque semaine les cours th\u00e9oriques sont envoy\u00e9s avec des challenges adapt\u00e9s, suivis d\u2019une vid\u00e9oconf\u00e9rence pour voir votre progression, vous donnant ainsi la possibilit\u00e9 d\u2019\u0153uvrer sur votre lieu de vie et de continuer votre activit\u00e9 professionnelle.<\/p>\n<h3>Soutien et entr&#8217;aide<\/h3>\n<p>Une fois par semaine vous recevrez une vid\u00e9o conf\u00e9rence et un contact individuel de 15 minutes pour vous soutenir dans votre d\u00e9veloppement.<br \/>Les jours de pratiques sont choisis en fonction de vos disponibilit\u00e9s et de celles du formateur. Ils peuvent \u00eatre modifiables pour le confort des deux parties.<br \/>Des actions d\u2019entraide pour vous exercer seront mises en place.<br \/>Vous devrez s\u00e9lectionner 3 personnes de votre entourage qui souhaitent transformer leur corps, leur sant\u00e9 et leur mode de vie.<br \/>Vous devrez \u0153uvrez avec elles et vous exercer sur elles pendant la dur\u00e9e de votre formation.<br \/>Vous pouvez choisir un module ou plusieurs et \u00e9galement r\u00e9aliser la formation compl\u00e8te.<\/p>\n<p><!-- \/wp:paragraph --><\/p>\n<p><!-- wp:heading --><\/p>\n<h4><strong>MODULE 1 <\/strong><\/h4>\n<p><!-- \/wp:heading --><\/p>\n<p><!-- wp:list --><\/p>\n<ul>\n<li>La loi d&#8217;\u00e9quilibre et d&#8217;\u00e9change entre le corps physique et l&#8217;univers.\u00a0<\/li>\n<li>Ouvrir ses sens pour ressentir le monde qui nous entoure dans d\u2019autres dimensions.<\/li>\n<li>Ressentir votre r\u00e9alit\u00e9 et celle de l\u2019autre pour \u00e9tablir une communication plus authentique.<\/li>\n<li>Exercices et pratiques quotidiennes pour d\u00e9velopper les sens.*<\/li>\n<li>Outils d&#8217;art th\u00e9rapie<\/li>\n<\/ul>\n<p><!-- \/wp:list --><\/p>\n<p><!-- wp:heading --><\/p>\n<h4><strong>MODULE 2<\/strong><\/h4>\n<p><!-- \/wp:heading --><\/p>\n<p><!-- wp:paragraph --><\/p>\n<p><strong>LE ROYAUME DES PLANTES<\/strong>\u00a0<\/p>\n<p><!-- \/wp:paragraph --><\/p>\n<p><!-- wp:list --><\/p>\n<ul>\n<li>\u0152uvrer en conscience avec l\u2019esprit des plantes et \u00e9tablir une connexion.<\/li>\n<li>Pratiques : plantes par plantes m\u00e9dicinales<\/li>\n<li>Leurs vertus et mises en garde<\/li>\n<li>Comment les transformer<\/li>\n<li>Sous quelle forme les utiliser<\/li>\n<li>Cr\u00e9er des tisanes pr\u00e9ventives et curatives<\/li>\n<li>Cr\u00e9er des cataplasmes b\u00e9n\u00e9fiques et cosm\u00e9tiques maison pour votre usage.<\/li>\n<li>Cr\u00e9er des huiles et mac\u00e9rats pour vos modelages<\/li>\n<\/ul>\n<p><!-- \/wp:list --><\/p>\n<p><!-- wp:list --><\/p>\n<p><!-- \/wp:list --><\/p>\n<p><!-- wp:list --><\/p>\n<p><!-- \/wp:list --><\/p>\n<p><!-- wp:list --><\/p>\n<p><!-- \/wp:list --><\/p>\n<p><!-- wp:list --><\/p>\n<p><!-- \/wp:list --><\/p>\n<p><!-- wp:list --><\/p>\n<p><!-- \/wp:list --><\/p>\n<p><!-- wp:list --><\/p>\n<p><!-- \/wp:list --><\/p>\n<p><!-- wp:heading --><\/p>\n<h4><strong>MODULE 3<\/strong><\/h4>\n<p><!-- \/wp:heading --><\/p>\n<p><!-- wp:paragraph --><\/p>\n<ul>\n<li>Les diff\u00e9rentes pratiques physiques pour faire circuler nos \u00e9nergies.<!-- wp:paragraph --><!-- \/wp:paragraph --><\/li>\n<li>Pr\u00e9server et prot\u00e9ger votre lieu de travail.<!-- \/wp:paragraph --><!-- wp:paragraph --><\/li>\n<li>L\u2019impact des \u00e9motions sur les organes.<!-- \/wp:paragraph --><!-- wp:paragraph --><\/li>\n<li>L\u2019\u00e9volution des chakras \u00e0 notre \u00e9poque et leur interaction avec le monde sonore, des min\u00e9raux et des chromatiques.<\/li>\n<\/ul>\n<p><!-- \/wp:paragraph --><\/p>\n<p><!-- wp:heading --><\/p>\n<h4><strong>MODULE 4<\/strong><\/h4>\n<p><!-- \/wp:heading --><\/p>\n<p><!-- wp:paragraph --><\/p>\n<p>L\u2019olfactoth\u00e9rapie<\/p>\n<p><!-- \/wp:paragraph --><\/p>\n<p><!-- wp:paragraph --><\/p>\n<ul>\n<li>Cr\u00e9er des aides et cosm\u00e9tiques personnalis\u00e9es.\u00a0<!-- \/wp:paragraph --><!-- wp:paragraph --><\/li>\n<li>Les plantes sacr\u00e9es et leur effet sur notre corps.<\/li>\n<\/ul>\n<p><!-- \/wp:paragraph --><\/p>\n<p><!-- wp:heading --><\/p>\n<h4><strong> <img loading=\"lazy\" decoding=\"async\" class=\"alignnone  wp-image-623\" src=\"https:\/\/eveilvert.com\/wp-content\/uploads\/2022\/01\/estheticienne-eveil-vert-2-300x200.jpg\" alt=\"estheticienne eveil vert\" width=\"502\" height=\"343\" \/><\/strong><\/h4>\n<h4><strong>MODULE 5<\/strong><\/h4>\n<p><!-- \/wp:heading --><\/p>\n<p><!-- wp:paragraph --><\/p>\n<ul>\n<li>Le maquillage naturel en outil d\u2019art th\u00e9rapie<\/li>\n<li><span style=\"font-size: 14px;\">A la d\u00e9couverte de son impact sur le corps \u00e9motionnel.\u00a0<\/span><\/li>\n<li><span style=\"font-size: 14px;\">La peau et son langage\u00a0<\/span><\/li>\n<li><span style=\"font-size: 14px;\">Le langage des tissus adipeux<\/span><\/li>\n<li><span style=\"font-size: 14px;\">Confection de masque raffermissant<\/span><\/li>\n<li><span style=\"font-size: 14px;\">Le langage des muscles et du squelette<\/span><\/li>\n<\/ul>\n<p><!-- \/wp:paragraph --><\/p>\n<p><!-- wp:heading --><\/p>\n<h4><strong>MODULE 6<\/strong><\/h4>\n<p><!-- \/wp:heading --><\/p>\n<p><!-- wp:paragraph --><\/p>\n<p>Yoga du visage et soin du visage.<\/p>\n<p><!-- \/wp:paragraph --><\/p>\n<p><!-- wp:heading --><\/p>\n<h4><strong>MODULE 7<\/strong><\/h4>\n<p><!-- \/wp:heading --><\/p>\n<p><!-- wp:paragraph --><\/p>\n<p>LE CORPS ET LE TOUCHER<\/p>\n<p><!-- \/wp:paragraph --><\/p>\n<p><!-- wp:paragraph --><\/p>\n<ul>\n<li>Les m\u00e9ridiens<\/li>\n<li>Le syst\u00e8me circulatoire<\/li>\n<li><span style=\"font-size: 14px;\">Le syst\u00e8me lymphatique<\/span><\/li>\n<li>Les marmas : points de la t\u00eate. Acupression et traitement cr\u00e2nien<\/li>\n<li>Les diff\u00e9rentes techniques de massage<\/li>\n<li>Choisir la technique en fonction du patient<\/li>\n<li>Lecture corporelle cognitive<\/li>\n<li>Activation de protection et communication avec vos guides et ceux du patient<\/li>\n<li>Lectures des m\u00e9ridiens, marmas point, chakras, corps mental et \u00e9motionnel puis des liens d\u2019attachements aux corps.<\/li>\n<li>Choix des encens, tisanes, huiles v\u00e9g\u00e9tales, huile olfactives, huiles essentielles ou hydrolats, musiques et couleurs n\u00e9cessaires pour optimiser le MOMENT HORS DU TEMPS.<\/li>\n<\/ul>\n<p><!-- \/wp:paragraph --><\/p>\n<p><!-- wp:heading {\"level\":1} --><\/p>\n<h4><strong>MODULE 8 <\/strong><\/h4>\n<p><!-- \/wp:heading --><\/p>\n<p><!-- wp:heading {\"level\":5} --><\/p>\n<h5><strong>Accessible\u00a0uniquement aux\u00a0\u00e9l\u00e8ves\u00a0ayant\u00a0effectu\u00e9s\u00a0tous\u00a0les\u00a0niveaux<\/strong><\/h5>\n<p><!-- \/wp:heading --><\/p>\n<p><!-- wp:list --><\/p>\n<ul>\n<li><span style=\"font-size: 14px;\">Application des huiles confectionn\u00e9es en conscience par vos soins : masque, gommage, maquillage \u2026<\/span><\/li>\n<li>Pratique sur 3 mod\u00e8les diff\u00e9rents<\/li>\n<li>Pratique avec tous les outils int\u00e9gr\u00e9s<\/li>\n<li>Validation finale des acquis avec remise de certificat ou remise \u00e0 niveau jusqu\u2019\u00e0 obtention de celui-ci .\u00a0<\/li>\n<li>C\u00e9r\u00e9monie d\u2019engagement \u2013 valeurs du c\u0153ur.<\/li>\n<\/ul>\n<p><!-- \/wp:list --><\/p>\t\t\t\t\t<\/div>\n\t\t\t\t\t\t<\/div>\n\t\t\t\t<\/div>\n\t\t\t\t\t\t<\/div>\n\t\t\t\t\t<\/div>\n\t\t<\/div>\n\t\t\t\t\t\t\t\t<\/div>\n\t\t\t\t\t<\/div>\n\t\t<\/section>\n\t\t\t\t\t\t<\/div>\n\t\t\t\t\t\t<\/div>\n\t\t\t\t\t<\/div>\n\t\t","protected":false},"excerpt":{"rendered":"<p>VOIR LA VRAIE BEAUT\u00c9 QUI SE CACHE EN CHACUN ET LA RENDRE VISIBLE AUX YEUX DE TOUS Objectif : d\u00e9velopper des connaissances pour enrichir vos facult\u00e9s inn\u00e9es. Notre corps est un temple, le seul endroit o\u00f9 nous sommes s\u00fbr de rester jusqu\u2019\u00e0 la fin, nous devons donc l\u2019aimer et en prendre soin, pour rendre notre [&hellip;]<\/p>\n","protected":false},"author":1,"featured_media":0,"parent":0,"menu_order":0,"comment_status":"closed","ping_status":"closed","template":"","meta":{"_regular_price":[],"currency_symbol":[],"_vp_format_video_url":"","_vp_image_focal_point":[],"footnotes":""},"class_list":["post-20","page","type-page","status-publish","hentry"],"post_slider_layout_featured_media_urls":{"thumbnail":"","post_slider_layout_landscape_large":"","post_slider_layout_portrait_large":"","post_slider_layout_square_large":"","post_slider_layout_landscape":"","post_slider_layout_portrait":"","post_slider_layout_square":"","full":""},"_links":{"self":[{"href":"https:\/\/eveilvert.com\/index.php?rest_route=\/wp\/v2\/pages\/20","targetHints":{"allow":["GET"]}}],"collection":[{"href":"https:\/\/eveilvert.com\/index.php?rest_route=\/wp\/v2\/pages"}],"about":[{"href":"https:\/\/eveilvert.com\/index.php?rest_route=\/wp\/v2\/types\/page"}],"author":[{"embeddable":true,"href":"https:\/\/eveilvert.com\/index.php?rest_route=\/wp\/v2\/users\/1"}],"replies":[{"embeddable":true,"href":"https:\/\/eveilvert.com\/index.php?rest_route=%2Fwp%2Fv2%2Fcomments&post=20"}],"version-history":[{"count":34,"href":"https:\/\/eveilvert.com\/index.php?rest_route=\/wp\/v2\/pages\/20\/revisions"}],"predecessor-version":[{"id":649,"href":"https:\/\/eveilvert.com\/index.php?rest_route=\/wp\/v2\/pages\/20\/revisions\/649"}],"wp:attachment":[{"href":"https:\/\/eveilvert.com\/index.php?rest_route=%2Fwp%2Fv2%2Fmedia&parent=20"}],"curies":[{"name":"wp","href":"https:\/\/api.w.org\/{rel}","templated":true}]}}