{"id":192,"date":"2020-05-10T21:07:57","date_gmt":"2020-05-10T20:07:57","guid":{"rendered":"http:\/\/eveilvert.com\/?page_id=192"},"modified":"2025-04-07T14:10:39","modified_gmt":"2025-04-07T13:10:39","slug":"coach-sante-holistique","status":"publish","type":"page","link":"https:\/\/eveilvert.com\/","title":{"rendered":"Coach de bien-\u00eatre holistique"},"content":{"rendered":"\t\t<div data-elementor-type=\"wp-page\" data-elementor-id=\"192\" class=\"elementor elementor-192\" data-elementor-settings=\"[]\">\n\t\t\t\t\t\t<div class=\"elementor-inner\">\n\t\t\t\t\t\t\t<div class=\"elementor-section-wrap\">\n\t\t\t\t\t\t\t<section class=\"elementor-section elementor-top-section elementor-element elementor-element-627dc700 elementor-section-boxed elementor-section-height-default elementor-section-height-default\" data-id=\"627dc700\" data-element_type=\"section\">\n\t\t\t\t\t\t<div class=\"elementor-container elementor-column-gap-default\">\n\t\t\t\t\t\t\t<div class=\"elementor-row\">\n\t\t\t\t\t<div class=\"elementor-column elementor-col-100 elementor-top-column elementor-element elementor-element-7a088d98\" data-id=\"7a088d98\" data-element_type=\"column\">\n\t\t\t<div class=\"elementor-column-wrap elementor-element-populated\">\n\t\t\t\t\t\t\t<div class=\"elementor-widget-wrap\">\n\t\t\t\t\t\t<div class=\"elementor-element elementor-element-1fe1e4c2 elementor-widget elementor-widget-text-editor\" data-id=\"1fe1e4c2\" data-element_type=\"widget\" data-widget_type=\"text-editor.default\">\n\t\t\t\t<div class=\"elementor-widget-container\">\n\t\t\t\t\t\t\t\t<div class=\"elementor-text-editor elementor-clearfix\">\n\t\t\t\t<p><!-- wp:heading --><\/p>\n<p><strong>Bonjour et bienvenue \u00e0 Eveil vert, coach de bien-\u00eatre holistique.<\/strong><\/p>\n<p><iframe loading=\"lazy\" title=\"EVEIL VERT VALEUR\" width=\"640\" height=\"360\" src=\"https:\/\/www.youtube.com\/embed\/iyazQ-pr-x8?feature=oembed\" frameborder=\"0\" allow=\"accelerometer; autoplay; clipboard-write; encrypted-media; gyroscope; picture-in-picture; web-share\" referrerpolicy=\"strict-origin-when-cross-origin\" allowfullscreen><\/iframe><\/p>\n<p>\u00a0<\/p>\n<p>Eveil vert est un coach de bien-\u00eatre holistique.\u00a0 Son objectif est de vous accompagner vers la meilleure version de vous-m\u00eame. Celle que vous aurez choisie. Loin des diktats de la soci\u00e9t\u00e9, des liens socioculturels et de la r\u00e9sultante de vos blessures.<\/p>\n<p>Pour vous soigner, plusieurs outils de reprogrammation \u00e9motionnelle et mentale sont utilis\u00e9s selon votre sensibilit\u00e9 et votre niveau de conscience.<\/p>\n<p>Ici on apprend \u00e0 se r\u00e9parer, \u00e2me et corps, \u00e0 se reconna\u00eetre et prendre soin de soi pour un jour le transmettre \u00e0 son tour. <br \/>Je vous re\u00e7ois sur recommandation ou lettre de motivation.<\/p>\n<h2><span style=\"font-size: 14px;\">Prestations diverses<\/span><\/h2>\n<p><span style=\"font-size: 14px;\">Diff\u00e9rents abonnements vous sont propos\u00e9s dans le cadre de nos prestations.\u00a0<\/span><\/p>\n<p><strong>Nous intervenons \u00e0 domicile ou sur plusieurs sites :<\/strong><\/p>\n<p><!-- \/wp:heading --><!-- wp:paragraph --><\/p>\n<ul>\n<li><em>Dans les locaux de la &#8220;Salle 07&#8221; \u00e0 Guilherand Granges, (07)<\/em><\/li>\n<li><em>\u00c0 Eze-sur-mer, (06)<\/em><\/li>\n<li><em>\u00c0 la Bastide-sur-l&#8217;Hers (09).<\/em><\/li>\n<\/ul>\n<p><em>Prestations exclusivement sur rendez-vous.<\/em><\/p>\n<p>Envie d&#8217;en savoir plus ? \u00a0<a href=\"https:\/\/eveilvert.com\/wp-content\/uploads\/2025\/02\/Eveil-Vert_MAJFevrier2025_compressed.pdf\" target=\"_blank\" rel=\"noopener\">Consultez notre brochure<\/a> ou <a href=\"https:\/\/eveilvert.com\/?page_id=100\">contactez-nous<\/a>.\u00a0<\/p>\n<p><strong>D\u00e9couvrez ci-dessous en vid\u00e9o le d\u00e9tail de nos soins :<\/strong><\/p>\n<p><!-- \/wp:paragraph --><!-- wp:html --><\/p>\n<p><!-- \/wp:html --><!-- wp:html --><\/p>\n<p>\u00a0<\/p>\n<p><!-- \/wp:html --><!-- wp:html --><\/p>\n<p><iframe loading=\"lazy\" src=\"https:\/\/www.youtube.com\/embed\/0GdI7xZxzi4\" width=\"560\" height=\"315\" frameborder=\"0\" allowfullscreen=\"allowfullscreen\"><\/iframe><\/p>\n<p><!-- \/wp:html --><!-- wp:html --><\/p>\n<p>\u00a0<\/p>\n<p><!-- \/wp:html --><!-- wp:html --><\/p>\n<p>\u00a0<\/p>\n<p><!-- \/wp:html --><\/p>\t\t\t\t\t<\/div>\n\t\t\t\t\t\t<\/div>\n\t\t\t\t<\/div>\n\t\t\t\t\t\t<\/div>\n\t\t\t\t\t<\/div>\n\t\t<\/div>\n\t\t\t\t\t\t\t\t<\/div>\n\t\t\t\t\t<\/div>\n\t\t<\/section>\n\t\t\t\t<section class=\"elementor-section elementor-top-section elementor-element elementor-element-0048b53 elementor-section-boxed elementor-section-height-default elementor-section-height-default\" data-id=\"0048b53\" data-element_type=\"section\">\n\t\t\t\t\t\t<div class=\"elementor-container elementor-column-gap-default\">\n\t\t\t\t\t\t\t<div class=\"elementor-row\">\n\t\t\t\t\t<div class=\"elementor-column elementor-col-100 elementor-top-column elementor-element elementor-element-5952672\" data-id=\"5952672\" data-element_type=\"column\">\n\t\t\t<div class=\"elementor-column-wrap elementor-element-populated\">\n\t\t\t\t\t\t\t<div class=\"elementor-widget-wrap\">\n\t\t\t\t\t\t<div class=\"elementor-element elementor-element-0c1677e elementor-widget elementor-widget-heading\" data-id=\"0c1677e\" data-element_type=\"widget\" data-widget_type=\"heading.default\">\n\t\t\t\t<div class=\"elementor-widget-container\">\n\t\t\t<h3 class=\"elementor-heading-title elementor-size-medium\"><a href=\"http:\/\/www.lasalle07.com\">Eveil vert est partenaire avec la salle de sport La Salle 07<\/a><\/h3>\t\t<\/div>\n\t\t\t\t<\/div>\n\t\t\t\t\t\t<\/div>\n\t\t\t\t\t<\/div>\n\t\t<\/div>\n\t\t\t\t\t\t\t\t<\/div>\n\t\t\t\t\t<\/div>\n\t\t<\/section>\n\t\t\t\t<section class=\"elementor-section elementor-top-section elementor-element elementor-element-836b8bd elementor-section-boxed elementor-section-height-default elementor-section-height-default\" data-id=\"836b8bd\" data-element_type=\"section\">\n\t\t\t\t\t\t<div class=\"elementor-container elementor-column-gap-default\">\n\t\t\t\t\t\t\t<div class=\"elementor-row\">\n\t\t\t\t\t<div class=\"elementor-column elementor-col-100 elementor-top-column elementor-element elementor-element-108269a\" data-id=\"108269a\" data-element_type=\"column\">\n\t\t\t<div class=\"elementor-column-wrap elementor-element-populated\">\n\t\t\t\t\t\t\t<div class=\"elementor-widget-wrap\">\n\t\t\t\t\t\t<div class=\"elementor-element elementor-element-94f69c0 elementor-widget elementor-widget-google_maps\" data-id=\"94f69c0\" data-element_type=\"widget\" data-widget_type=\"google_maps.default\">\n\t\t\t\t<div class=\"elementor-widget-container\">\n\t\t\t\t\t<div class=\"elementor-custom-embed\">\n\t\t\t<iframe frameborder=\"0\" scrolling=\"no\" marginheight=\"0\" marginwidth=\"0\"\n\t\t\t\t\tsrc=\"https:\/\/maps.google.com\/maps?q=la%20salle%2007&#038;t=m&#038;z=12&#038;output=embed&#038;iwloc=near\"\n\t\t\t\t\ttitle=\"la salle 07\"\n\t\t\t\t\taria-label=\"la salle 07\"\n\t\t\t><\/iframe>\n\t\t<\/div>\n\t\t\t\t<\/div>\n\t\t\t\t<\/div>\n\t\t\t\t\t\t<\/div>\n\t\t\t\t\t<\/div>\n\t\t<\/div>\n\t\t\t\t\t\t\t\t<\/div>\n\t\t\t\t\t<\/div>\n\t\t<\/section>\n\t\t\t\t\t\t<\/div>\n\t\t\t\t\t\t<\/div>\n\t\t\t\t\t<\/div>\n\t\t","protected":false},"excerpt":{"rendered":"<p>Bonjour et bienvenue \u00e0 Eveil vert, coach de bien-\u00eatre holistique. \u00a0 Eveil vert est un coach de bien-\u00eatre holistique.\u00a0 Son objectif est de vous accompagner vers la meilleure version de vous-m\u00eame. Celle que vous aurez choisie. Loin des diktats de la soci\u00e9t\u00e9, des liens socioculturels et de la r\u00e9sultante de vos blessures. Pour vous soigner, [&hellip;]<\/p>\n","protected":false},"author":1,"featured_media":393,"parent":0,"menu_order":0,"comment_status":"closed","ping_status":"closed","template":"","meta":{"_regular_price":[],"currency_symbol":[],"_vp_format_video_url":"","_vp_image_focal_point":{"x":"0.42","y":"0.54"},"footnotes":""},"class_list":["post-192","page","type-page","status-publish","has-post-thumbnail","hentry"],"post_slider_layout_featured_media_urls":{"thumbnail":["https:\/\/eveilvert.com\/wp-content\/uploads\/2022\/01\/cropped-image-header-eveil-vert-150x150.jpg",150,150,true],"post_slider_layout_landscape_large":["https:\/\/eveilvert.com\/wp-content\/uploads\/2022\/01\/cropped-image-header-eveil-vert.jpg",1000,288,false],"post_slider_layout_portrait_large":["https:\/\/eveilvert.com\/wp-content\/uploads\/2022\/01\/cropped-image-header-eveil-vert.jpg",1000,288,false],"post_slider_layout_square_large":["https:\/\/eveilvert.com\/wp-content\/uploads\/2022\/01\/cropped-image-header-eveil-vert.jpg",1000,288,false],"post_slider_layout_landscape":["https:\/\/eveilvert.com\/wp-content\/uploads\/2022\/01\/cropped-image-header-eveil-vert.jpg",600,173,false],"post_slider_layout_portrait":["https:\/\/eveilvert.com\/wp-content\/uploads\/2022\/01\/cropped-image-header-eveil-vert.jpg",600,173,false],"post_slider_layout_square":["https:\/\/eveilvert.com\/wp-content\/uploads\/2022\/01\/cropped-image-header-eveil-vert.jpg",600,173,false],"full":["https:\/\/eveilvert.com\/wp-content\/uploads\/2022\/01\/cropped-image-header-eveil-vert.jpg",1000,288,false]},"_links":{"self":[{"href":"https:\/\/eveilvert.com\/index.php?rest_route=\/wp\/v2\/pages\/192","targetHints":{"allow":["GET"]}}],"collection":[{"href":"https:\/\/eveilvert.com\/index.php?rest_route=\/wp\/v2\/pages"}],"about":[{"href":"https:\/\/eveilvert.com\/index.php?rest_route=\/wp\/v2\/types\/page"}],"author":[{"embeddable":true,"href":"https:\/\/eveilvert.com\/index.php?rest_route=\/wp\/v2\/users\/1"}],"replies":[{"embeddable":true,"href":"https:\/\/eveilvert.com\/index.php?rest_route=%2Fwp%2Fv2%2Fcomments&post=192"}],"version-history":[{"count":99,"href":"https:\/\/eveilvert.com\/index.php?rest_route=\/wp\/v2\/pages\/192\/revisions"}],"predecessor-version":[{"id":891,"href":"https:\/\/eveilvert.com\/index.php?rest_route=\/wp\/v2\/pages\/192\/revisions\/891"}],"wp:featuredmedia":[{"embeddable":true,"href":"https:\/\/eveilvert.com\/index.php?rest_route=\/wp\/v2\/media\/393"}],"wp:attachment":[{"href":"https:\/\/eveilvert.com\/index.php?rest_route=%2Fwp%2Fv2%2Fmedia&parent=192"}],"curies":[{"name":"wp","href":"https:\/\/api.w.org\/{rel}","templated":true}]}}