{"id":132,"date":"2019-10-05T13:52:28","date_gmt":"2019-10-05T13:52:28","guid":{"rendered":"http:\/\/eveilvert.com\/?page_id=132"},"modified":"2022-01-04T19:21:37","modified_gmt":"2022-01-04T18:21:37","slug":"team-building-formation","status":"publish","type":"page","link":"https:\/\/eveilvert.com\/?page_id=132","title":{"rendered":"Team Building"},"content":{"rendered":"\t\t<div data-elementor-type=\"wp-page\" data-elementor-id=\"132\" class=\"elementor elementor-132\" data-elementor-settings=\"[]\">\n\t\t\t\t\t\t<div class=\"elementor-inner\">\n\t\t\t\t\t\t\t<div class=\"elementor-section-wrap\">\n\t\t\t\t\t\t\t<section class=\"elementor-section elementor-top-section elementor-element elementor-element-43d1b22 elementor-section-boxed elementor-section-height-default elementor-section-height-default\" data-id=\"43d1b22\" data-element_type=\"section\">\n\t\t\t\t\t\t<div class=\"elementor-container elementor-column-gap-default\">\n\t\t\t\t\t\t\t<div class=\"elementor-row\">\n\t\t\t\t\t<div class=\"elementor-column elementor-col-100 elementor-top-column elementor-element elementor-element-164731c\" data-id=\"164731c\" data-element_type=\"column\">\n\t\t\t<div class=\"elementor-column-wrap elementor-element-populated\">\n\t\t\t\t\t\t\t<div class=\"elementor-widget-wrap\">\n\t\t\t\t\t\t<div class=\"elementor-element elementor-element-6ac85e7 elementor-aspect-ratio-169 elementor-widget elementor-widget-video\" data-id=\"6ac85e7\" data-element_type=\"widget\" data-settings=\"{&quot;youtube_url&quot;:&quot;https:\\\/\\\/youtu.be\\\/iyazQ-pr-x8&quot;,&quot;video_type&quot;:&quot;youtube&quot;,&quot;controls&quot;:&quot;yes&quot;,&quot;aspect_ratio&quot;:&quot;169&quot;}\" data-widget_type=\"video.default\">\n\t\t\t\t<div class=\"elementor-widget-container\">\n\t\t\t\t\t<div class=\"elementor-wrapper elementor-fit-aspect-ratio elementor-open-inline\">\n\t\t\t<div class=\"elementor-video\"><\/div>\t\t<\/div>\n\t\t\t\t<\/div>\n\t\t\t\t<\/div>\n\t\t\t\t\t\t<\/div>\n\t\t\t\t\t<\/div>\n\t\t<\/div>\n\t\t\t\t\t\t\t\t<\/div>\n\t\t\t\t\t<\/div>\n\t\t<\/section>\n\t\t\t\t<section class=\"elementor-section elementor-top-section elementor-element elementor-element-11a115c elementor-section-boxed elementor-section-height-default elementor-section-height-default\" data-id=\"11a115c\" data-element_type=\"section\">\n\t\t\t\t\t\t<div class=\"elementor-container elementor-column-gap-default\">\n\t\t\t\t\t\t\t<div class=\"elementor-row\">\n\t\t\t\t\t<div class=\"elementor-column elementor-col-100 elementor-top-column elementor-element elementor-element-a6de436\" data-id=\"a6de436\" data-element_type=\"column\">\n\t\t\t<div class=\"elementor-column-wrap elementor-element-populated\">\n\t\t\t\t\t\t\t<div class=\"elementor-widget-wrap\">\n\t\t\t\t\t\t<div class=\"elementor-element elementor-element-3bea4d1 elementor-widget elementor-widget-text-editor\" data-id=\"3bea4d1\" data-element_type=\"widget\" data-widget_type=\"text-editor.default\">\n\t\t\t\t<div class=\"elementor-widget-container\">\n\t\t\t\t\t\t\t\t<div class=\"elementor-text-editor elementor-clearfix\">\n\t\t\t\t<p><strong>Certaines personnes on fait de leur passion leur m\u00e9tier et n\u2019ont donc jamais l\u2019impression de travailler.<\/strong><\/p><p>Mais soyons, r\u00e9aliste, tr\u00e8s peu de gens peuvent dire qu\u2019ils exercent le m\u00e9tier de leur r\u00eave.\u00a0<strong>Un m\u00e9tier qui donne un sens \u00e0 leur vie.<\/strong><\/p><p>Beaucoup d\u2019entre eux n\u2019ont pas l\u2019opportunit\u00e9 de reprendre leurs \u00e9tudes et changer de voie.<\/p><p>D\u2019autres ne trouvent pas de travail dans leur domaine d\u2019activit\u00e9.<\/p><p><strong>Mais puisque nous savons que le bonheur au travail irradie le reste de notre vie, nous proposons ici une autre fa\u00e7on de consid\u00e9rer le TRAVAIL.<\/strong><\/p><div class=\"wp-block-image\"><figure class=\"aligncenter size-large is-resized\"><img loading=\"lazy\" decoding=\"async\" class=\"alignnone wp-image-524 \" src=\"https:\/\/eveilvert.com\/wp-content\/uploads\/2022\/01\/neurosciences-teambuilding-eveil-vertt--300x100.jpg\" alt=\"neurosciences team building eveil vert\" width=\"543\" height=\"190\" \/><\/figure><\/div><p><strong>Inspir\u00e9e par de nombreux docteurs en Neurosciences<\/strong>, ainsi que par des philosophes c\u00e9l\u00e8bres, tel que\u00a0<strong>Daniel Goldman et Khalil Gibran<\/strong>, notre \u00e9quipe organise des activit\u00e9s qui permettront \u00e0 chaque personne de l\u2019\u00e9quipe d\u2019appr\u00e9cier la valeur de son travail, non pas par l\u2019activit\u00e9 elle-m\u00eame, mais par l\u2019intention qu\u2019elles y portent. Le tout en\u00a0ayant une perception plus large sur l\u2019importance de leurs \u0153uvres.<\/p><h2><strong>Du teambuilding pour pour cr\u00e9er de vrais liens b\u00e9n\u00e9fiques<\/strong><\/h2><h3><span style=\"color: #008000;\">Les \u00e9tapes de notre travail :<\/span><\/h3><ol><li>Cr\u00e9er une ouverture d\u2019esprit positive et constructive en chaque participant,<\/li><li>Etablir des liens au sein de l\u2019entreprise (cela se fera naturellement),<\/li><li>Apprendre \u00e0 conna\u00eetre ses coll\u00e8gues, et apaiser les tensions (cela se fera instinctivement.)<\/li><\/ol><p><strong>Nous vous offrirons un moment hors du temps et des outils concrets pour g\u00e9rer vos \u00e9motions.<\/strong>\u00a0Les probl\u00e8mes seront donc vus comme des challenges \u00e0 r\u00e9soudre ensemble.<\/p><p><img loading=\"lazy\" decoding=\"async\" class=\"alignnone wp-image-516 aligncenter\" src=\"https:\/\/eveilvert.com\/wp-content\/uploads\/2022\/01\/team-eveil-vert-300x200.jpg\" alt=\"team building eveil vert\" width=\"524\" height=\"353\" \/><\/p><p><strong>Le principe de nos activit\u00e9s de team building :<\/strong> les gens se m\u00e9langent et se d\u00e9couvrent, autour d\u2019activit\u00e9s tr\u00e8s diverses :<\/p><ol><li>Jeu de r\u00f4le avec la communication non violente<\/li><li>ives, avec des challenges de groupes (escalade, cano\u00e9&#8230;)<\/li><li>Cr\u00e9ation d\u2019upcycling* en commun, d\u2019utilit\u00e9 publique<\/li><li>Acro Yoga<\/li><li>Yoga<\/li><li>M\u00e9ditation<\/li><li>Sophrologie<\/li><li>Jeu de concentration et de m\u00e9moire<\/li><li>Musique intuitive avec des activit\u00e9s d\u2019aventure<\/li><li>Test \u00e9nerg\u00e9tique et neuro-scientifique.<\/li><li>Cr\u00e9ation d\u2019orgones** personnalis\u00e9es<\/li><li>Atelier d\u2019art th\u00e9rapie<\/li><li>Jeu \u00ab Action ou v\u00e9rit\u00e9 \u00bb<\/li><li>Initiation \u00e0 l\u2019ergonomie au travail<\/li><li>Conseil nutritionnel pour la pr\u00e9vention sant\u00e9.<\/li><\/ol><blockquote><p><strong>La coh\u00e9sion assure une performance durable ainsi qu\u2019une meilleure productivit\u00e9 au travail. <\/strong><strong>Tout l\u2019enjeu est donc d\u2019assurer une bonne coh\u00e9sion qui encourage la bonne humeur et le lien entre les diff\u00e9rents collaborateurs.<\/strong><\/p><\/blockquote><p><strong>Objectifs :\u00a0obtenir non seulement une \u00e9quipe soud\u00e9e pour am\u00e9liorer votre entreprise mais aussi contribuer au bonheur de tous.<\/strong><\/p><p>La cl\u00e9 du bien-\u00eatre au sein d\u2019une entreprise est sans aucun doute la coh\u00e9sion d\u2019\u00e9quipe et la motivation de celle-ci.<\/p><p>Nous proposons nos services en France ou \u00e0 l\u2019\u00e9tranger dans des lieux insolites pour se reconnecter \u00e0 la nature et \u00e0 soi-m\u00eame. <a href=\"https:\/\/eveilvert.com\/?page_id=100\">Besoin de plus de renseignements sur nos activit\u00e9s de team building ? Contactez-nous.\u00a0<\/a><\/p><p><iframe loading=\"lazy\" title=\"From Indifference to Hope\" width=\"640\" height=\"360\" src=\"https:\/\/www.youtube.com\/embed\/S6Im_WezxCw?feature=oembed\" frameborder=\"0\" allow=\"accelerometer; autoplay; clipboard-write; encrypted-media; gyroscope; picture-in-picture; web-share\" referrerpolicy=\"strict-origin-when-cross-origin\" allowfullscreen><\/iframe><\/p>\t\t\t\t\t<\/div>\n\t\t\t\t\t\t<\/div>\n\t\t\t\t<\/div>\n\t\t\t\t\t\t<\/div>\n\t\t\t\t\t<\/div>\n\t\t<\/div>\n\t\t\t\t\t\t\t\t<\/div>\n\t\t\t\t\t<\/div>\n\t\t<\/section>\n\t\t\t\t\t\t<\/div>\n\t\t\t\t\t\t<\/div>\n\t\t\t\t\t<\/div>\n\t\t","protected":false},"excerpt":{"rendered":"<p>https:\/\/youtu.be\/iyazQ-pr-x8 Certaines personnes on fait de leur passion leur m\u00e9tier et n\u2019ont donc jamais l\u2019impression de travailler. Mais soyons, r\u00e9aliste, tr\u00e8s peu de gens peuvent dire qu\u2019ils exercent le m\u00e9tier de leur r\u00eave.\u00a0Un m\u00e9tier qui donne un sens \u00e0 leur vie. Beaucoup d\u2019entre eux n\u2019ont pas l\u2019opportunit\u00e9 de reprendre leurs \u00e9tudes et changer de voie. [&hellip;]<\/p>\n","protected":false},"author":1,"featured_media":0,"parent":0,"menu_order":0,"comment_status":"closed","ping_status":"closed","template":"","meta":{"_regular_price":[],"currency_symbol":[],"_vp_format_video_url":"","_vp_image_focal_point":[],"footnotes":""},"class_list":["post-132","page","type-page","status-publish","hentry"],"post_slider_layout_featured_media_urls":{"thumbnail":"","post_slider_layout_landscape_large":"","post_slider_layout_portrait_large":"","post_slider_layout_square_large":"","post_slider_layout_landscape":"","post_slider_layout_portrait":"","post_slider_layout_square":"","full":""},"_links":{"self":[{"href":"https:\/\/eveilvert.com\/index.php?rest_route=\/wp\/v2\/pages\/132","targetHints":{"allow":["GET"]}}],"collection":[{"href":"https:\/\/eveilvert.com\/index.php?rest_route=\/wp\/v2\/pages"}],"about":[{"href":"https:\/\/eveilvert.com\/index.php?rest_route=\/wp\/v2\/types\/page"}],"author":[{"embeddable":true,"href":"https:\/\/eveilvert.com\/index.php?rest_route=\/wp\/v2\/users\/1"}],"replies":[{"embeddable":true,"href":"https:\/\/eveilvert.com\/index.php?rest_route=%2Fwp%2Fv2%2Fcomments&post=132"}],"version-history":[{"count":54,"href":"https:\/\/eveilvert.com\/index.php?rest_route=\/wp\/v2\/pages\/132\/revisions"}],"predecessor-version":[{"id":569,"href":"https:\/\/eveilvert.com\/index.php?rest_route=\/wp\/v2\/pages\/132\/revisions\/569"}],"wp:attachment":[{"href":"https:\/\/eveilvert.com\/index.php?rest_route=%2Fwp%2Fv2%2Fmedia&parent=132"}],"curies":[{"name":"wp","href":"https:\/\/api.w.org\/{rel}","templated":true}]}}