{"id":13,"date":"2019-10-04T06:48:46","date_gmt":"2019-10-04T05:48:46","guid":{"rendered":"http:\/\/eveilvert.com\/?page_id=13"},"modified":"2022-03-06T18:39:40","modified_gmt":"2022-03-06T17:39:40","slug":"un-cheveu-ma-dit","status":"publish","type":"page","link":"https:\/\/eveilvert.com\/?page_id=13","title":{"rendered":"Un cheveu m\u2019a dit\u2026"},"content":{"rendered":"\t\t<div data-elementor-type=\"wp-page\" data-elementor-id=\"13\" class=\"elementor elementor-13\" data-elementor-settings=\"[]\">\n\t\t\t\t\t\t<div class=\"elementor-inner\">\n\t\t\t\t\t\t\t<div class=\"elementor-section-wrap\">\n\t\t\t\t\t\t\t<section class=\"elementor-section elementor-top-section elementor-element elementor-element-d2491a2 elementor-section-boxed elementor-section-height-default elementor-section-height-default\" data-id=\"d2491a2\" data-element_type=\"section\">\n\t\t\t\t\t\t<div class=\"elementor-container elementor-column-gap-default\">\n\t\t\t\t\t\t\t<div class=\"elementor-row\">\n\t\t\t\t\t<div class=\"elementor-column elementor-col-100 elementor-top-column elementor-element elementor-element-b8249df\" data-id=\"b8249df\" data-element_type=\"column\">\n\t\t\t<div class=\"elementor-column-wrap elementor-element-populated\">\n\t\t\t\t\t\t\t<div class=\"elementor-widget-wrap\">\n\t\t\t\t\t\t<div class=\"elementor-element elementor-element-333c92b elementor-widget elementor-widget-image\" data-id=\"333c92b\" data-element_type=\"widget\" data-widget_type=\"image.default\">\n\t\t\t\t<div class=\"elementor-widget-container\">\n\t\t\t\t\t\t\t\t<div class=\"elementor-image\">\n\t\t\t\t\t\t\t\t\t\t\t\t<img loading=\"lazy\" decoding=\"async\" width=\"640\" height=\"428\" src=\"https:\/\/eveilvert.com\/wp-content\/uploads\/2022\/01\/cheveux-eveil-vert-1024x684.jpg\" class=\"attachment-large size-large\" alt=\"cheveux eveil vert\" \/>\t\t\t\t\t\t\t\t\t\t\t\t\t\t<\/div>\n\t\t\t\t\t\t<\/div>\n\t\t\t\t<\/div>\n\t\t\t\t\t\t<\/div>\n\t\t\t\t\t<\/div>\n\t\t<\/div>\n\t\t\t\t\t\t\t\t<\/div>\n\t\t\t\t\t<\/div>\n\t\t<\/section>\n\t\t\t\t<section class=\"elementor-section elementor-top-section elementor-element elementor-element-fde5623 elementor-section-boxed elementor-section-height-default elementor-section-height-default\" data-id=\"fde5623\" data-element_type=\"section\">\n\t\t\t\t\t\t<div class=\"elementor-container elementor-column-gap-default\">\n\t\t\t\t\t\t\t<div class=\"elementor-row\">\n\t\t\t\t\t<div class=\"elementor-column elementor-col-100 elementor-top-column elementor-element elementor-element-75e07fb3\" data-id=\"75e07fb3\" data-element_type=\"column\">\n\t\t\t<div class=\"elementor-column-wrap elementor-element-populated\">\n\t\t\t\t\t\t\t<div class=\"elementor-widget-wrap\">\n\t\t\t\t\t\t<div class=\"elementor-element elementor-element-5f892d02 elementor-widget elementor-widget-text-editor\" data-id=\"5f892d02\" data-element_type=\"widget\" data-widget_type=\"text-editor.default\">\n\t\t\t\t<div class=\"elementor-widget-container\">\n\t\t\t\t\t\t\t\t<div class=\"elementor-text-editor elementor-clearfix\">\n\t\t\t\t<p><!-- wp:paragraph --><\/p>\n<h2>Un monde de couleurs<\/h2>\n<p>Un monde de couleurs et de textures a toujours \u00e9t\u00e9 pr\u00e9sent pour nous, afin de nous apporter protection, force, confort, bien-\u00eatre et beaut\u00e9.<\/p>\n<p><!-- \/wp:paragraph --><!-- wp:paragraph --><\/p>\n<p><strong>Le cheveu est le reflet de la sant\u00e9 du corps<\/strong>, le garder naturel nous aide \u00e0 lire plus facilement les besoins du corps.<\/p>\n<p><!-- \/wp:paragraph --><!-- wp:paragraph --><\/p>\n<p>Le cheveu garde nos secrets et r\u00e9v\u00e8le nos besoins, nos \u00e9motions. Il est une porte vers notre inconscient.<\/p>\n<p><!-- \/wp:paragraph --><!-- wp:paragraph --><\/p>\n<p><!-- \/wp:paragraph --><!-- wp:paragraph --><\/p>\n<p>Le lire et le soigner nous permet d\u2019am\u00e9liorer notre sant\u00e9 globale par des outils de bien-\u00eatre pour le corps et l\u2019\u00e2me.<\/p>\n<p><!-- \/wp:paragraph --><!-- wp:paragraph --><\/p>\n<p>L\u2019\u00e9tat des cheveux, leurs textures et couleurs, changent l\u2019aspect visuel entier d\u2019une personne.<\/p>\n<p><!-- \/wp:paragraph --><!-- wp:paragraph --><\/p>\n<p>Notre apparence est un langage, une communication entre notre monde int\u00e9rieur et celui des autres. Ce qu\u2019il y a de plus beau en nous devrait \u00eatre visible aux yeux de tous. <strong>Devenir la meilleur version de nous-m\u00eames pour la partager autour de nous.<\/strong><\/p>\n<p><!-- \/wp:paragraph --><!-- wp:paragraph --><\/p>\n<p><!-- \/wp:paragraph --><!-- wp:paragraph --><\/p>\n<p><!-- \/wp:paragraph --><!-- wp:paragraph --><\/p>\n<p>L\u2019\u00e9quilibre \u00e9tant dans l\u2019expression de NOTRE vraie beaut\u00e9.<\/p>\n<p><!-- \/wp:paragraph --><!-- wp:paragraph --><\/p>\n<p>Celle qui parle de NOUS.<\/p>\n<p><!-- \/wp:paragraph --><!-- wp:paragraph --><\/p>\n<p><strong>Notre beaut\u00e9 unique est libre des dictats de la beaut\u00e9 et de la mode, un syst\u00e8me trop mat\u00e9riel qui a oubli\u00e9 l\u2019essentiel.<\/strong><\/p>\n<p><!-- \/wp:paragraph --><!-- wp:paragraph --><\/p>\n<p>Mais si vous nous lisez, alors c\u2019est que vous avez demand\u00e9 un outil pour exprimer aux yeux de tous, ce qu\u2019il y a de plus beau en vous !\u00a0<\/p>\n<p>Eveil vert vous propose <a href=\"https:\/\/eveilvert.com\/?page_id=274\">diverses prestations pour vous redonner tout l&#8217;\u00e9clat et la sant\u00e9 \u00e0 vos cheveux<\/a>.\u00a0<\/p>\n<p><b style=\"font-family: inherit; font-style: inherit;\">Prestations sans abonnement.\u00a0<\/b><b style=\"font-family: inherit; font-style: inherit;\">Coloration 100 % v\u00e9g\u00e9tale cr\u00e9\u00e9e sur mesure et en conscience pour vous.<\/b><\/p>\n<p>Envie d&#8217;en savoir plus ? <a href=\"https:\/\/eveilvert.com\/?page_id=100\">Contactez-nous !\u00a0<\/a><\/p>\n<p><!-- \/wp:paragraph --><\/p>\t\t\t\t\t<\/div>\n\t\t\t\t\t\t<\/div>\n\t\t\t\t<\/div>\n\t\t\t\t\t\t<\/div>\n\t\t\t\t\t<\/div>\n\t\t<\/div>\n\t\t\t\t\t\t\t\t<\/div>\n\t\t\t\t\t<\/div>\n\t\t<\/section>\n\t\t\t\t<section class=\"elementor-section elementor-top-section elementor-element elementor-element-e18a7c6 elementor-section-boxed elementor-section-height-default elementor-section-height-default\" data-id=\"e18a7c6\" data-element_type=\"section\">\n\t\t\t\t\t\t<div class=\"elementor-container elementor-column-gap-default\">\n\t\t\t\t\t\t\t<div class=\"elementor-row\">\n\t\t\t\t\t<div class=\"elementor-column elementor-col-100 elementor-top-column elementor-element elementor-element-a8b38de\" data-id=\"a8b38de\" data-element_type=\"column\">\n\t\t\t<div class=\"elementor-column-wrap elementor-element-populated\">\n\t\t\t\t\t\t\t<div class=\"elementor-widget-wrap\">\n\t\t\t\t\t\t<div class=\"elementor-element elementor-element-7df5c06 elementor-widget elementor-widget-image\" data-id=\"7df5c06\" data-element_type=\"widget\" data-widget_type=\"image.default\">\n\t\t\t\t<div class=\"elementor-widget-container\">\n\t\t\t\t\t\t\t\t<div class=\"elementor-image\">\n\t\t\t\t\t\t\t\t\t\t\t\t<img loading=\"lazy\" decoding=\"async\" width=\"640\" height=\"403\" src=\"https:\/\/eveilvert.com\/wp-content\/uploads\/2020\/12\/les-drole-de-dame-1024x644.jpg\" class=\"attachment-large size-large\" alt=\"Prestations capillaires Eveil Vert\" \/>\t\t\t\t\t\t\t\t\t\t\t\t\t\t<\/div>\n\t\t\t\t\t\t<\/div>\n\t\t\t\t<\/div>\n\t\t\t\t\t\t<\/div>\n\t\t\t\t\t<\/div>\n\t\t<\/div>\n\t\t\t\t\t\t\t\t<\/div>\n\t\t\t\t\t<\/div>\n\t\t<\/section>\n\t\t\t\t\t\t<\/div>\n\t\t\t\t\t\t<\/div>\n\t\t\t\t\t<\/div>\n\t\t","protected":false},"excerpt":{"rendered":"<p>Un monde de couleurs Un monde de couleurs et de textures a toujours \u00e9t\u00e9 pr\u00e9sent pour nous, afin de nous apporter protection, force, confort, bien-\u00eatre et beaut\u00e9. Le cheveu est le reflet de la sant\u00e9 du corps, le garder naturel nous aide \u00e0 lire plus facilement les besoins du corps. Le cheveu garde nos secrets [&hellip;]<\/p>\n","protected":false},"author":1,"featured_media":0,"parent":0,"menu_order":0,"comment_status":"closed","ping_status":"closed","template":"","meta":{"_regular_price":[],"currency_symbol":[],"_vp_format_video_url":"","_vp_image_focal_point":[],"footnotes":""},"class_list":["post-13","page","type-page","status-publish","hentry"],"post_slider_layout_featured_media_urls":{"thumbnail":"","post_slider_layout_landscape_large":"","post_slider_layout_portrait_large":"","post_slider_layout_square_large":"","post_slider_layout_landscape":"","post_slider_layout_portrait":"","post_slider_layout_square":"","full":""},"_links":{"self":[{"href":"https:\/\/eveilvert.com\/index.php?rest_route=\/wp\/v2\/pages\/13","targetHints":{"allow":["GET"]}}],"collection":[{"href":"https:\/\/eveilvert.com\/index.php?rest_route=\/wp\/v2\/pages"}],"about":[{"href":"https:\/\/eveilvert.com\/index.php?rest_route=\/wp\/v2\/types\/page"}],"author":[{"embeddable":true,"href":"https:\/\/eveilvert.com\/index.php?rest_route=\/wp\/v2\/users\/1"}],"replies":[{"embeddable":true,"href":"https:\/\/eveilvert.com\/index.php?rest_route=%2Fwp%2Fv2%2Fcomments&post=13"}],"version-history":[{"count":11,"href":"https:\/\/eveilvert.com\/index.php?rest_route=\/wp\/v2\/pages\/13\/revisions"}],"predecessor-version":[{"id":735,"href":"https:\/\/eveilvert.com\/index.php?rest_route=\/wp\/v2\/pages\/13\/revisions\/735"}],"wp:attachment":[{"href":"https:\/\/eveilvert.com\/index.php?rest_route=%2Fwp%2Fv2%2Fmedia&parent=13"}],"curies":[{"name":"wp","href":"https:\/\/api.w.org\/{rel}","templated":true}]}}