{"id":116,"date":"2019-10-05T10:30:54","date_gmt":"2019-10-05T10:30:54","guid":{"rendered":"http:\/\/eveilvert.com\/?page_id=116"},"modified":"2021-07-13T15:28:20","modified_gmt":"2021-07-13T15:28:20","slug":"les-7-sens-l-ouie","status":"publish","type":"page","link":"https:\/\/eveilvert.com\/?page_id=116","title":{"rendered":"LES 7 SENS, L\u2019 OUIE"},"content":{"rendered":"\n<p><strong>Go\u00fbter\nle son<\/strong><\/p>\n\n\n\n<p>Il y a des m\u00e9lodies et des bruits qui nous rendent am\u00e8re et d\u2019autres qui nous ouvrent l\u2019app\u00e9tit, nous donnent plein d\u2019\u00e9nergie.<\/p>\n\n\n\n<p>Le SON est une vibration qui nous transperce ou nous transcende.<\/p>\n\n\n\n<p>La\nmusique est un puissant outil vibratoire pour nous \u00e9lever. \n<\/p>\n\n\n\n<p>Nous\ndonnant le go\u00fbt d\u2019encore.<\/p>\n\n\n\n<p>Quelle musique vous transporte, quel est votre son magique et celui qui vous bloque ?  <\/p>\n\n\n\n<p>Quelle musique vous ouvre pour exprimer le meilleur de vous ?<\/p>\n\n\n\n<p>Ce sens est reli\u00e9 au 5\u00e8me chakra VISHUDDHI<\/p>\n\n\n\n<p>Qui\nsignifie visha = impuret\u00e9, poison et suddhi = purifier<\/p>\n\n\n\n<p>Le\nVishuddhi Chakra est situ\u00e9 dans la gorge. Son Mantra est <strong>HAM<\/strong>.\nLa couleur de Vishuddhi est le violet. \n<\/p>\n\n\n\n<p>Dans\nce Chakra, notre conscience atteint le cinqui\u00e8me niveau. \n<\/p>\n\n\n\n<p>L\u2019\u00e9l\u00e9ment\nqui lui correspond est Akasha (l\u2019espace).<\/p>\n\n\n\n<p>Nous\npouvons aussi traduire ce mot par \u201c\u00e9ther\u201d, ce qui sugg\u00e8re que\ncet espace doit \u00eatre empli d\u2019\u00e9nergie. \n<\/p>\n\n\n\n<p>Le\nVishuddhi Chakra est le point de d\u00e9part de Udana Prana.<\/p>\n\n\n\n<p>Celui-ci\nexerce une fonction de purification du corps pour le d\u00e9barrasser des\nsubstances toxiques lors de la respiration. \n<\/p>\n\n\n\n<p>Le\nnom de ce Chakra est d\u00e9riv\u00e9 de cette fonction particuli\u00e8re.<\/p>\n\n\n\n<p>La\npurification ne se produit pas uniquement au niveau corporel, mais\naussi aux niveaux psychique et mental. Tous les probl\u00e8mes et toutes\nles exp\u00e9riences d\u00e9plaisantes que nous avons \u201caval\u00e9s\u201d et\nsupprim\u00e9s au cours de notre vie continuent \u00e0 exister dans le\nsubconscient jusqu\u2019\u00e0 ce qu\u2019ils soient affront\u00e9s et r\u00e9solus\navec sagesse.<\/p>\n\n\n\n<p>En m\u00e9ditation, lorsque la conscience individuelle se dissout dans Akasha, nous atteignons la Connaissance et la Sagesse.<\/p>\n\n\n\n<p>Le Vishuddhi Chakra g\u00e9n\u00e8re un sentiment illimit\u00e9 de joie et de libert\u00e9 qui permet \u00e0 nos capacit\u00e9s et \u00e0 nos comp\u00e9tences de s\u2019\u00e9panouir. A ce stade de d\u00e9veloppement se manifeste une voix claire, un talent oratoire et lyrique, ainsi que l\u2019\u00e9quilibre et le calme mental.<\/p>\n\n\n\n<p>Jusqu\u2019\u00e0 ce que Vishuddhi Chakra soit compl\u00e8tement d\u00e9velopp\u00e9, certaines difficult\u00e9s peuvent \u00eatre exp\u00e9riment\u00e9es. Des blocages dans Vishuddhi Chakra produisent des sensations d\u2019anxi\u00e9t\u00e9, de manque de libert\u00e9, de restriction, des probl\u00e8mes de thyro\u00efde et de gorge. Des difficult\u00e9s \u00e0 d\u00e9glutir ou \u00e0 parler, qui ne sont pas li\u00e9es \u00e0 des causes physiques, peuvent se manifester.<\/p>\n\n\n\n<p><strong>Activit\u00e9s\nPropos\u00e9es&nbsp;:<\/strong><\/p>\n\n\n\n<ol class=\"wp-block-list\"><li> Musicoth\u00e9rapies <\/li><li> D\u00e9velopper et pr\u00e9server notre capacit\u00e9 d\u2019\u00e9coute. <\/li><li> Initiation \u00e0 la musique intuitive <\/li><li> D\u00e9velopper son \u00e9coute active <\/li><li> Reconna\u00eetre nos diff\u00e9rentes voix int\u00e9rieures <\/li><li> Entra\u00eenement \u00e0 la communication bienveillante <\/li><li> Comment \u00e9quilibrer le chakra de la gorge au quotidien <\/li><li> Yoga <\/li><li> M\u00e9ditation active. <\/li><li> OPTION : Selon le nieau des participants : D\u00e9velopper notre capacit\u00e9 \u00e0 communiquer avec d\u2019autres champs vibratoires ( Nos guides, nos d\u00e9funts, les animaux, les plantes.) <\/li><\/ol>\n","protected":false},"excerpt":{"rendered":"<p>Go\u00fbter le son Il y a des m\u00e9lodies et des bruits qui nous rendent am\u00e8re et d\u2019autres qui nous ouvrent l\u2019app\u00e9tit, nous donnent plein d\u2019\u00e9nergie. Le SON est une vibration qui nous transperce ou nous transcende. La musique est un puissant outil vibratoire pour nous \u00e9lever. Nous donnant le go\u00fbt d\u2019encore. Quelle musique vous transporte, [&hellip;]<\/p>\n","protected":false},"author":1,"featured_media":0,"parent":0,"menu_order":0,"comment_status":"closed","ping_status":"closed","template":"","meta":{"_regular_price":[],"currency_symbol":[],"_vp_format_video_url":"","_vp_image_focal_point":[],"footnotes":""},"class_list":["post-116","page","type-page","status-publish","hentry"],"post_slider_layout_featured_media_urls":{"thumbnail":"","post_slider_layout_landscape_large":"","post_slider_layout_portrait_large":"","post_slider_layout_square_large":"","post_slider_layout_landscape":"","post_slider_layout_portrait":"","post_slider_layout_square":"","full":""},"_links":{"self":[{"href":"https:\/\/eveilvert.com\/index.php?rest_route=\/wp\/v2\/pages\/116","targetHints":{"allow":["GET"]}}],"collection":[{"href":"https:\/\/eveilvert.com\/index.php?rest_route=\/wp\/v2\/pages"}],"about":[{"href":"https:\/\/eveilvert.com\/index.php?rest_route=\/wp\/v2\/types\/page"}],"author":[{"embeddable":true,"href":"https:\/\/eveilvert.com\/index.php?rest_route=\/wp\/v2\/users\/1"}],"replies":[{"embeddable":true,"href":"https:\/\/eveilvert.com\/index.php?rest_route=%2Fwp%2Fv2%2Fcomments&post=116"}],"version-history":[{"count":3,"href":"https:\/\/eveilvert.com\/index.php?rest_route=\/wp\/v2\/pages\/116\/revisions"}],"predecessor-version":[{"id":308,"href":"https:\/\/eveilvert.com\/index.php?rest_route=\/wp\/v2\/pages\/116\/revisions\/308"}],"wp:attachment":[{"href":"https:\/\/eveilvert.com\/index.php?rest_route=%2Fwp%2Fv2%2Fmedia&parent=116"}],"curies":[{"name":"wp","href":"https:\/\/api.w.org\/{rel}","templated":true}]}}