{"id":114,"date":"2019-10-05T10:25:28","date_gmt":"2019-10-05T10:25:28","guid":{"rendered":"http:\/\/eveilvert.com\/?page_id=114"},"modified":"2025-02-16T14:53:16","modified_gmt":"2025-02-16T13:53:16","slug":"les-7-sens-toucher","status":"publish","type":"page","link":"https:\/\/eveilvert.com\/?page_id=114","title":{"rendered":"LES 7 SENS, LE TOUCHER"},"content":{"rendered":"\t\t<div data-elementor-type=\"wp-page\" data-elementor-id=\"114\" class=\"elementor elementor-114\" data-elementor-settings=\"[]\">\n\t\t\t\t\t\t<div class=\"elementor-inner\">\n\t\t\t\t\t\t\t<div class=\"elementor-section-wrap\">\n\t\t\t\t\t\t\t<section class=\"elementor-section elementor-top-section elementor-element elementor-element-7c6625d1 elementor-section-boxed elementor-section-height-default elementor-section-height-default\" data-id=\"7c6625d1\" data-element_type=\"section\">\n\t\t\t\t\t\t<div class=\"elementor-container elementor-column-gap-default\">\n\t\t\t\t\t\t\t<div class=\"elementor-row\">\n\t\t\t\t\t<div class=\"elementor-column elementor-col-100 elementor-top-column elementor-element elementor-element-61b8c029\" data-id=\"61b8c029\" data-element_type=\"column\">\n\t\t\t<div class=\"elementor-column-wrap elementor-element-populated\">\n\t\t\t\t\t\t\t<div class=\"elementor-widget-wrap\">\n\t\t\t\t\t\t<div class=\"elementor-element elementor-element-344eecf0 elementor-widget elementor-widget-text-editor\" data-id=\"344eecf0\" data-element_type=\"widget\" data-widget_type=\"text-editor.default\">\n\t\t\t\t<div class=\"elementor-widget-container\">\n\t\t\t\t\t\t\t\t<div class=\"elementor-text-editor elementor-clearfix\">\n\t\t\t\t<p><!-- wp:paragraph --><\/p>\n<p><strong>\u00c9couter<br \/>les caresses<\/strong><\/p>\n<p><!-- \/wp:paragraph --><\/p>\n<p><!-- wp:paragraph --><\/p>\n<p>Quelle texture vos mains aiment le plus toucher.<\/p>\n<p><!-- \/wp:paragraph --><\/p>\n<p><!-- wp:paragraph --><\/p>\n<p>Quand vous touchez votre chat, un meuble, la personne que vous aimez, que vous dis votre peau, que vous r\u00e9v\u00e8le votre toucher ?<\/p>\n<p><!-- \/wp:paragraph --><\/p>\n<p><!-- wp:paragraph --><\/p>\n<p>Quelle texture vous r\u00e9conforte, vous rassure ?<\/p>\n<p><!-- \/wp:paragraph --><\/p>\n<p><!-- wp:paragraph --><\/p>\n<p>Comment aimez-vous toucher et comment aimez-vous \u00eatre touch\u00e9 ?<\/p>\n<p><!-- \/wp:paragraph --><\/p>\n<p><!-- wp:paragraph --><\/p>\n<p>Que vous dit votre peau ?<\/p>\n<p><!-- \/wp:paragraph --><\/p>\n<p><!-- wp:paragraph --><\/p>\n<p>\u00c9coutez ce qu&#8217;elle vous dit au contact de son environnement.<\/p>\n<p><!-- \/wp:paragraph --><\/p>\n<p><!-- wp:paragraph --><\/p>\n<p>Au<br \/>contact d\u2019une p\u00eache ou du Lin.<\/p>\n<p><!-- \/wp:paragraph --><\/p>\n<p><!-- wp:paragraph --><\/p>\n<p>Observez-vous pour vous conna\u00eetre et d\u00e9velopper votre bienveillance envers vous m\u00eame.<\/p>\n<p><!-- \/wp:paragraph --><\/p>\n<p><!-- wp:paragraph --><\/p>\n<p>D\u00e9velopper ce sens vous permets de mieux lire le langage du corps de l\u2019autre durant les modelages.<\/p>\n<p><!-- \/wp:paragraph --><\/p>\n<p><!-- wp:paragraph --><\/p>\n<p>Ce sens est reli\u00e9 au 4\u00e8me chakra \u00ab ANAHATA \u00bb<\/p>\n<p><!-- \/wp:paragraph --><\/p>\n<p><!-- wp:paragraph --><\/p>\n<p>qui<br \/>signifie \u00e9galement\u00a0: Qui ne peut \u00eatre frapp\u00e9.<\/p>\n<p><!-- \/wp:paragraph --><\/p>\n<p><!-- wp:paragraph --><\/p>\n<p>Anahata<br \/>nada = le son \u00e9ternel<\/p>\n<p><!-- \/wp:paragraph --><\/p>\n<p><!-- wp:paragraph --><\/p>\n<p>Le<br \/>son OM Anahata Chakra est situ\u00e9 dans le centre de la poitrine, pr\u00e8s<br \/>du c\u0153ur. Son Mantra est <strong>YAM<\/strong>.<\/p>\n<p><!-- \/wp:paragraph --><\/p>\n<p><!-- wp:paragraph --><\/p>\n<p>La couleur de Anahata Chakra est le bleu clair, la couleur du ciel, rose ou vert suivant notre fr\u00e9quence. L\u2019\u00e9l\u00e9ment qui lui correspond est l\u2019Air. L\u2019Air repr\u00e9sente la libert\u00e9 et l\u2019expansion. Cela signifie que dans ce Chakra notre conscience s\u2019\u00e9tend dans l\u2019infini.<\/p>\n<p><!-- \/wp:paragraph --><\/p>\n<p><!-- wp:paragraph --><\/p>\n<p>Il repr\u00e9sente les qualit\u00e9s divines du c\u0153ur comme la f\u00e9licit\u00e9, la paix, l\u2019harmonie, l\u2019amour, la compr\u00e9hension, l\u2019empathie, la clart\u00e9, la puret\u00e9, l\u2019unit\u00e9, la compassion, la gentillesse et le pardon. Mais le centre du c\u0153ur est aussi le centre des \u00e9motions et des sentiments.<\/p>\n<p><!-- \/wp:paragraph --><\/p>\n<p><!-- wp:paragraph --><\/p>\n<p>Lorsque l\u2019\u00e9nergie de Anahata Chakra circule vers le haut, vers la conscience spirituelle, nos sentiments s\u2019expriment sous la forme de Bhakti, l\u2019amour divin et la d\u00e9votion. Toutefois, si notre conscience retombe vers le bas dans les sph\u00e8res des passions terrestres, nos \u00e9motions deviennent alors confuses et d\u00e9s\u00e9quilibr\u00e9es. C\u2019est alors que le d\u00e9sir, la jalousie, la tristesse et le d\u00e9sespoir nous submergent.<\/p>\n<p><!-- \/wp:paragraph --><\/p>\n<p><!-- wp:paragraph --><\/p>\n<p>Anahata est le si\u00e8ge de la po\u00e9sie. La concentration sur ce Chakra peut d\u00e9velopper des dons d\u2019\u00e9crivain ou de po\u00e8te. Un autre pouvoir qui \u00e9mane de Anahata Chakra est Sankalpa Shakti, le pouvoir de r\u00e9aliser nos d\u00e9sirs. Lorsque vous souhaitez que quelque chose se r\u00e9alise, concentrez-vous sur ce souhait dans votre c\u0153ur. Plus Anahata Chakra est pur, plus rapidement le v\u0153u se r\u00e9alisera.<\/p>\n<p><!-- \/wp:paragraph --><\/p>\n<p><!-- wp:paragraph --><\/p>\n<p><strong>Activit\u00e9s<br \/>Propos\u00e9es\u00a0:<\/strong><\/p>\n<p><!-- \/wp:paragraph --><\/p>\n<p><!-- wp:list {\"ordered\":true} --><\/p>\n<ol>\n<li>Poterie<\/li>\n<li>KOLAMAYA ( Reconna\u00eetre les yeux band\u00e9s, les membres du groupe en touchant leur visage)<\/li>\n<li>Reconna\u00eetre \u00e0 l\u2019aveugle, juste au touch\u00e9, les objets et textures que l\u2019on vous pr\u00e9sente.<\/li>\n<li>Ressentez votre corps lors des modelages.<\/li>\n<li>Ressentez le corps de l\u2019autre lorsque vous donner un modelage.<\/li>\n<li>D\u00e9veloppez votre capacit\u00e9 \u00e0 toucher le subtil.<\/li>\n<li>D\u00e9couvrir Le chakra du c\u0153ur et comment le maintenir ouvert en toutes circonstances.<\/li>\n<li>Yoga<\/li>\n<li>Le pouvoir de gu\u00e9rison du toucher.<\/li>\n<li>Nager avec des animaux ( Dauphin, tortue&#8230;)ou Prendre soin d\u2019animaux (ELEPHANT&#8230;)<\/li>\n<\/ol>\n<p><!-- \/wp:list --><\/p>\t\t\t\t\t<\/div>\n\t\t\t\t\t\t<\/div>\n\t\t\t\t<\/div>\n\t\t\t\t\t\t<\/div>\n\t\t\t\t\t<\/div>\n\t\t<\/div>\n\t\t\t\t\t\t\t\t<\/div>\n\t\t\t\t\t<\/div>\n\t\t<\/section>\n\t\t\t\t\t\t<\/div>\n\t\t\t\t\t\t<\/div>\n\t\t\t\t\t<\/div>\n\t\t","protected":false},"excerpt":{"rendered":"<p>\u00c9couterles caresses Quelle texture vos mains aiment le plus toucher. Quand vous touchez votre chat, un meuble, la personne que vous aimez, que vous dis votre peau, que vous r\u00e9v\u00e8le votre toucher ? Quelle texture vous r\u00e9conforte, vous rassure ? Comment aimez-vous toucher et comment aimez-vous \u00eatre touch\u00e9 ? Que vous dit votre peau ? [&hellip;]<\/p>\n","protected":false},"author":1,"featured_media":0,"parent":0,"menu_order":0,"comment_status":"closed","ping_status":"closed","template":"","meta":{"_regular_price":[],"currency_symbol":[],"_vp_format_video_url":"","_vp_image_focal_point":[],"footnotes":""},"class_list":["post-114","page","type-page","status-publish","hentry"],"post_slider_layout_featured_media_urls":{"thumbnail":"","post_slider_layout_landscape_large":"","post_slider_layout_portrait_large":"","post_slider_layout_square_large":"","post_slider_layout_landscape":"","post_slider_layout_portrait":"","post_slider_layout_square":"","full":""},"_links":{"self":[{"href":"https:\/\/eveilvert.com\/index.php?rest_route=\/wp\/v2\/pages\/114","targetHints":{"allow":["GET"]}}],"collection":[{"href":"https:\/\/eveilvert.com\/index.php?rest_route=\/wp\/v2\/pages"}],"about":[{"href":"https:\/\/eveilvert.com\/index.php?rest_route=\/wp\/v2\/types\/page"}],"author":[{"embeddable":true,"href":"https:\/\/eveilvert.com\/index.php?rest_route=\/wp\/v2\/users\/1"}],"replies":[{"embeddable":true,"href":"https:\/\/eveilvert.com\/index.php?rest_route=%2Fwp%2Fv2%2Fcomments&post=114"}],"version-history":[{"count":6,"href":"https:\/\/eveilvert.com\/index.php?rest_route=\/wp\/v2\/pages\/114\/revisions"}],"predecessor-version":[{"id":843,"href":"https:\/\/eveilvert.com\/index.php?rest_route=\/wp\/v2\/pages\/114\/revisions\/843"}],"wp:attachment":[{"href":"https:\/\/eveilvert.com\/index.php?rest_route=%2Fwp%2Fv2%2Fmedia&parent=114"}],"curies":[{"name":"wp","href":"https:\/\/api.w.org\/{rel}","templated":true}]}}