{"id":11,"date":"2019-10-04T06:41:48","date_gmt":"2019-10-04T05:41:48","guid":{"rendered":"http:\/\/eveilvert.com\/?page_id=11"},"modified":"2022-01-05T16:34:49","modified_gmt":"2022-01-05T15:34:49","slug":"devenir-coiffeur-eco-responsable","status":"publish","type":"page","link":"https:\/\/eveilvert.com\/?page_id=11","title":{"rendered":"Devenir coiffeur \u00e9co-responsable"},"content":{"rendered":"\t\t<div data-elementor-type=\"wp-page\" data-elementor-id=\"11\" class=\"elementor elementor-11\" data-elementor-settings=\"[]\">\n\t\t\t\t\t\t<div class=\"elementor-inner\">\n\t\t\t\t\t\t\t<div class=\"elementor-section-wrap\">\n\t\t\t\t\t\t\t<section class=\"elementor-section elementor-top-section elementor-element elementor-element-688965ae elementor-section-boxed elementor-section-height-default elementor-section-height-default\" data-id=\"688965ae\" data-element_type=\"section\">\n\t\t\t\t\t\t<div class=\"elementor-container elementor-column-gap-default\">\n\t\t\t\t\t\t\t<div class=\"elementor-row\">\n\t\t\t\t\t<div class=\"elementor-column elementor-col-100 elementor-top-column elementor-element elementor-element-7a69e64e\" data-id=\"7a69e64e\" data-element_type=\"column\">\n\t\t\t<div class=\"elementor-column-wrap elementor-element-populated\">\n\t\t\t\t\t\t\t<div class=\"elementor-widget-wrap\">\n\t\t\t\t\t\t<div class=\"elementor-element elementor-element-d4baca3 elementor-widget elementor-widget-image\" data-id=\"d4baca3\" data-element_type=\"widget\" data-widget_type=\"image.default\">\n\t\t\t\t<div class=\"elementor-widget-container\">\n\t\t\t\t\t\t\t\t<div class=\"elementor-image\">\n\t\t\t\t\t\t\t\t\t\t\t\t<img loading=\"lazy\" decoding=\"async\" width=\"640\" height=\"426\" src=\"https:\/\/eveilvert.com\/wp-content\/uploads\/2022\/01\/coiffeur-eco-responsable-eveil-vert--1024x682.jpg\" class=\"attachment-large size-large\" alt=\"coiffeur eco responsable\" \/>\t\t\t\t\t\t\t\t\t\t\t\t\t\t<\/div>\n\t\t\t\t\t\t<\/div>\n\t\t\t\t<\/div>\n\t\t\t\t<div class=\"elementor-element elementor-element-288956b9 elementor-widget elementor-widget-text-editor\" data-id=\"288956b9\" data-element_type=\"widget\" data-widget_type=\"text-editor.default\">\n\t\t\t\t<div class=\"elementor-widget-container\">\n\t\t\t\t\t\t\t\t<div class=\"elementor-text-editor elementor-clearfix\">\n\t\t\t\t<p><!-- wp:paragraph --><\/p>\n<p><b>Eveil Vert se veut respectueuse de la Vie dans son ensemble, ce qui implique un choix \u00e9thique stricte des produits utilis\u00e9s.\u00a0<\/b><span style=\"font-size: 14px;\"><b>L\u2019entreprise privil\u00e9gie une approche globale.<\/b><\/span><\/p>\n<p><!-- \/wp:paragraph --><\/p>\n<p><!-- wp:paragraph --><\/p>\n<p>Mes diagnostics et mes plans de traitements capillaires sont bas\u00e9s sur une conception de la vie o\u00f9 toutes composantes s\u2019envisagent dans un r\u00e9seau d\u2019interd\u00e9pendances.\u00a0<span style=\"font-size: 14px;\">Ce concept permet de prendre soin de chaque client selon ses sp\u00e9cificit\u00e9s.<\/span><\/p>\n<p><!-- \/wp:paragraph --><\/p>\n<p><!-- wp:paragraph --><\/p>\n<p><b>Mes passions pour la nature, la biologie mol\u00e9culaire, l\u2019anthropologie, l\u2019art et les relations humaines, m\u2019ont pouss\u00e9e \u00e0 chercher les similitudes que je voyais en toutes choses. <\/b><\/p>\n<p><!-- \/wp:paragraph --><\/p>\n<p><!-- wp:paragraph --><\/p>\n<p>J\u2019ai appris que chaque \u00eatre vivant est construit \u00e0 partir des instructions \u00e9crites dans la substance linguistique qu\u2019est l\u2019ADN, v\u00e9ritable carte d\u2019identit\u00e9 de chaque \u00eatre humain. L\u2019ADN, comme substance, ne varie pas d\u2019une esp\u00e8ce \u00e0 l\u2019autre, il n\u2019y a que l\u2019ordre de ses lettres qui change. Cette prise de conscience m\u2019incite \u00e0 mesurer au quotidien l\u2019impact de chacune de mes actions sur l\u2019\u00eatre humain et sur l\u2019environnement.<\/p>\n<p><!-- \/wp:paragraph --><\/p>\n<p><!-- wp:paragraph --><\/p>\n<p>L\u2019ADN contenue dans les bulbes des cheveux forme une carte d\u2019identit\u00e9 et constitue une sorte de coffre de m\u00e9moire \u00e0 la fois personnel et universel. C\u2019est en \u00e9tant convaincue de cette richesse que je m\u2019\u00e9vertue \u00e0 utiliser des produits biologiques et 100% organiques.<\/p>\n<p><!-- \/wp:paragraph --><\/p>\n<p><!-- wp:paragraph --><\/p>\n<p>Je m\u2019\u00e9panouis en promulguant les vertus des plantes, en les faisant red\u00e9couvrir, en embellissant et soignant gr\u00e2ce \u00e0 elles le corps, sans en alt\u00e9rer ni modifier ses cellules.<\/p>\n<p><!-- \/wp:paragraph --><\/p>\n<p><!-- wp:paragraph --><\/p>\n<p><b>Le Dr Masaru Emoto a men\u00e9 de nombreux plans d\u2019exp\u00e9riences avant de mettre en \u00e9vidence, en autre chose, l\u2019existence de \u00ab la m\u00e9moire de l\u2019eau \u00bb.<\/b><\/p>\n<p><!-- \/wp:paragraph --><\/p>\n<p><!-- wp:paragraph --><\/p>\n<p>L\u2019homme \u00e9tant constitu\u00e9 \u00e0 plus de 60% d\u2019eau, il\u00a0 me semble essentiel d\u2019en tenir compte dans toutes prestations visant le bien-\u00eatre des individus au sens large. De nombreux philosophes ont d\u00e9clar\u00e9 que pour am\u00e9liorer le monde, la meilleure mani\u00e8re \u00e9tait de commencer par s\u2019am\u00e9liorer soi-m\u00eame.<\/p>\n<p><!-- \/wp:paragraph --><\/p>\n<p><!-- wp:paragraph --><\/p>\n<p><b>C&#8217;est pourquoi \u00e0 Eveil Vert, nous avons choisi de nous \u00e9vertuer au quotidien \u00e0 am\u00e9liorer le bien-\u00eatre des autres en alliant le respect de la nature et de l\u2019individu.<\/b><\/p>\n<p><!-- \/wp:paragraph --><\/p>\t\t\t\t\t<\/div>\n\t\t\t\t\t\t<\/div>\n\t\t\t\t<\/div>\n\t\t\t\t\t\t<\/div>\n\t\t\t\t\t<\/div>\n\t\t<\/div>\n\t\t\t\t\t\t\t\t<\/div>\n\t\t\t\t\t<\/div>\n\t\t<\/section>\n\t\t\t\t\t\t<\/div>\n\t\t\t\t\t\t<\/div>\n\t\t\t\t\t<\/div>\n\t\t","protected":false},"excerpt":{"rendered":"<p>Eveil Vert se veut respectueuse de la Vie dans son ensemble, ce qui implique un choix \u00e9thique stricte des produits utilis\u00e9s.\u00a0L\u2019entreprise privil\u00e9gie une approche globale. Mes diagnostics et mes plans de traitements capillaires sont bas\u00e9s sur une conception de la vie o\u00f9 toutes composantes s\u2019envisagent dans un r\u00e9seau d\u2019interd\u00e9pendances.\u00a0Ce concept permet de prendre soin de [&hellip;]<\/p>\n","protected":false},"author":1,"featured_media":0,"parent":0,"menu_order":0,"comment_status":"closed","ping_status":"closed","template":"","meta":{"_regular_price":[],"currency_symbol":[],"_vp_format_video_url":"","_vp_image_focal_point":[],"footnotes":""},"class_list":["post-11","page","type-page","status-publish","hentry"],"post_slider_layout_featured_media_urls":{"thumbnail":"","post_slider_layout_landscape_large":"","post_slider_layout_portrait_large":"","post_slider_layout_square_large":"","post_slider_layout_landscape":"","post_slider_layout_portrait":"","post_slider_layout_square":"","full":""},"_links":{"self":[{"href":"https:\/\/eveilvert.com\/index.php?rest_route=\/wp\/v2\/pages\/11","targetHints":{"allow":["GET"]}}],"collection":[{"href":"https:\/\/eveilvert.com\/index.php?rest_route=\/wp\/v2\/pages"}],"about":[{"href":"https:\/\/eveilvert.com\/index.php?rest_route=\/wp\/v2\/types\/page"}],"author":[{"embeddable":true,"href":"https:\/\/eveilvert.com\/index.php?rest_route=\/wp\/v2\/users\/1"}],"replies":[{"embeddable":true,"href":"https:\/\/eveilvert.com\/index.php?rest_route=%2Fwp%2Fv2%2Fcomments&post=11"}],"version-history":[{"count":6,"href":"https:\/\/eveilvert.com\/index.php?rest_route=\/wp\/v2\/pages\/11\/revisions"}],"predecessor-version":[{"id":619,"href":"https:\/\/eveilvert.com\/index.php?rest_route=\/wp\/v2\/pages\/11\/revisions\/619"}],"wp:attachment":[{"href":"https:\/\/eveilvert.com\/index.php?rest_route=%2Fwp%2Fv2%2Fmedia&parent=11"}],"curies":[{"name":"wp","href":"https:\/\/api.w.org\/{rel}","templated":true}]}}