{"id":109,"date":"2019-10-05T10:18:46","date_gmt":"2019-10-05T10:18:46","guid":{"rendered":"http:\/\/eveilvert.com\/?page_id=109"},"modified":"2021-07-13T09:54:42","modified_gmt":"2021-07-13T09:54:42","slug":"les-7-sens-la-vue","status":"publish","type":"page","link":"https:\/\/eveilvert.com\/?page_id=109","title":{"rendered":"LES 7 SENS , LA VUE"},"content":{"rendered":"\n<p><strong>Pour manger les couleurs<\/strong><\/p>\n\n\n\n<p>\nObservez\nvous, faites comme Francisco Valera conseillait&nbsp;:&nbsp;<\/p>\n\n\n\n<p>\u00ab Vous \u00eates dans un Laboratoire, derri\u00e8re un miscroscope ; observez avec curiosit\u00e9 tout ce qui se passe. Vous n\u2019avez rien \u00e0 r\u00e9ussir, juste \u00e0 scruter. \u00bb  <\/p>\n\n\n\n<p>\nScruter\nles couleurs, soyez attentif \u00e0 celle qui vous attirent en premier. \n<\/p>\n\n\n\n<p>Mangez la couleur, quand vous inspirez visualis\u00e9 la couleur qui vous attire entrer en vous.<\/p>\n\n\n\n<p>Une fleur, un papillon. ..<\/p>\n\n\n\n<p>Pour aider vos yeux vous pouvez suivre un point lumineux (exercices de poursuite) avec un \u0153il, puis les deux, sans prismes ou avec diff\u00e9rents prismes devant l\u2019\u0153il pour d\u00e9vier l\u2019image et compliquer encore la t\u00e2che des muscles oculomoteurs.  <\/p>\n\n\n\n<p>Jouer au flipper et un bon exercice, ou jouer avec un laser comme les chats;)<\/p>\n\n\n\n<p>Comme les yeux r\u00e9apprennent \u00e0 travailler les mouvements lat\u00e9raux, la convergence et la divergence, cela permet de r\u00e9soudre des petits probl\u00e8mes de d\u00e9viation, de mobilit\u00e9 et de synchronisation avec l\u2019autre \u0153il.  <\/p>\n\n\n\n<p>Il faut tabler sur une moyenne de 12 \u00e0 15 s\u00e9ances de 20 minutes pour r\u00e9soudre un probl\u00e8me de fatigue oculaire, sans oublier un contr\u00f4le chez l\u2019orthoptiste un mois plus tard.<\/p>\n\n\n\n<p>Vous pouvez aussi pratiquer quelque exercice de yoga des yeux, une gymnastique inspir\u00e9e de la tradition indienne et qui vise plut\u00f4t \u00e0 d\u00e9tendre les muscles des yeux trop sollicit\u00e9s ou \u00e0 les refaire travailler en douceur.<\/p>\n\n\n\n<p>Parmi les exercices phares, le palming consiste \u00e0 se frotter les mains l\u2019une contre l\u2019autre pendant quelques secondes pour les r\u00e9chauffer, puis \u00e0 les appliquer sur les paupi\u00e8res (sans appuyer) afin de faire le noir complet. Les yeux ouverts, on doit rester dans cette position durant une minute au moins pour relaxer les yeux. Un autre exercice classique consiste \u00e0 fixer son index en l\u2019approchant le plus possible du nez \u2013 mais sans voir double \u2013 puis en l\u2019\u00e9loignant, toujours en gardant une image nette : \u00e0 faire 2 ou 3 fois par jour, mais pas plus.<\/p>\n\n\n\n<p>Les adeptes de cette gymnastique partent du principe qu\u2019un \u0153il bien relax\u00e9 et bien oxyg\u00e9n\u00e9 donnera le meilleur de lui-m\u00eame et sera donc plus performant. Pour vous aider \u00e0 voir en HD sans aucune substance \ud83d\ude09<\/p>\n\n\n\n<p>Ce sens est reli\u00e9 au 3\u00e8me Chakra MANIPURA :<\/p>\n\n\n\n<p>Qui\nsignifie&nbsp;: mani\n= bijou, joyau et\npura = lieu, ville<\/p>\n\n\n\n<p>Le\nManipura Chakra est situ\u00e9 derri\u00e8re le nombril. Son Mantra est <strong>RAM<\/strong>.\n\n<\/p>\n\n\n\n<p>Lorsque\nnotre conscience a atteint le Manipura Chakra, nous avons d\u00e9pass\u00e9\nles aspects n\u00e9gatifs de Svadhishthana. \n<\/p>\n\n\n\n<p>Le\nManipura Chakra contient de nombreux joyaux pr\u00e9cieux comme les\nqualit\u00e9s de clart\u00e9, de confiance en soi, de f\u00e9licit\u00e9,\nd\u2019assurance, de connaissance, de sagesse, et de capacit\u00e9 \u00e0\nprendre les bonnes d\u00e9cisions.<\/p>\n\n\n\n<p>La\ncouleur du Manipura Chakra est le jaune. \n<\/p>\n\n\n\n<p>L\u2019animal\nqui le repr\u00e9sente est le b\u00e9lier.<\/p>\n\n\n\n<p>L\u2019\u00e9l\u00e9ment\nqui lui correspond est le feu, c\u2019est pourquoi il est \u00e9galement\nconnu sous le nom de centre solaire ou centre du feu. \n<\/p>\n\n\n\n<p>L\u2019\u00e9l\u00e9ment\nfeu se manifeste dans le corps sous la forme de chaleur dans le\nplexus solaire. \n<\/p>\n\n\n\n<p>Le\nManipura Chakra est le centre de la vitalit\u00e9. Il contr\u00f4le notre\n\u00e9quilibre \u00e9nerg\u00e9tique afin de renforcer et de consolider notre\nsant\u00e9. \n<\/p>\n\n\n\n<p>Ce\nChakra exerce un effet comparable \u00e0 celui d\u2019un aimant qui capte le\nPrana du Cosmos.<\/p>\n\n\n\n<p>En tant que site du feu digestif, ce Chakra r\u00e9gule les fonctions du pancr\u00e9as et des organes digestifs. Des blocages dans ce centre peuvent causer de nombreux probl\u00e8mes de sant\u00e9 tels que les d\u00e9sordres digestifs, les probl\u00e8mes de circulation, le diab\u00e8te et les variations de la tension art\u00e9rielle.  <\/p>\n\n\n\n<p>Un\nManipura Chakra fort et actif contribue largement \u00e0 la bonne sant\u00e9\net nous permet de d\u00e9passer de nombreuses maladies.<\/p>\n\n\n\n<p>Lorsque l\u2019\u00e9nergie coule librement dans ce Chakra, l\u2019effet qui en r\u00e9sulte est comparable \u00e0 celui d\u2019une centrale \u00e9lectrique qui fournit constamment de la vitalit\u00e9 &#8211; distribuant \u00e9quilibre et force.<\/p>\n\n\n\n<p><strong>Activit\u00e9s\nPropos\u00e9es&nbsp;:<\/strong><\/p>\n\n\n\n<ol class=\"wp-block-list\"><li> Yoga des yeux <\/li><li> Comprendre les lois de la colorim\u00e9trie et l\u2019impacte des couleurs et des formes sur notre corps. <\/li><li> Voyage aux c\u0153ur de l\u2019infiniment petit et infiniment grand. <\/li><li> D\u00e9velopper sa capacit\u00e9 \u00e0 percevoir les flux d\u2019\u00e9nergies circuler entre toutes formes de vies <\/li><li> Ce que nos yeux ont \u00e0 nous dire sur notre \u00e2me et nos m\u00e9moires ( Iridologie) <\/li><li> Visite d\u2019un observatoire <\/li><li> Observer le microcosme au microscope. <\/li><li> Comprendre comment fonctionne le plexus solaire pour le maintenir \u00e9quilibr\u00e9 au quotidien. <\/li><li> Yoga <\/li><li> M\u00e9ditation   <\/li><\/ol>\n","protected":false},"excerpt":{"rendered":"<p>Pour manger les couleurs Observez vous, faites comme Francisco Valera conseillait&nbsp;:&nbsp; \u00ab Vous \u00eates dans un Laboratoire, derri\u00e8re un miscroscope ; observez avec curiosit\u00e9 tout ce qui se passe. Vous n\u2019avez rien \u00e0 r\u00e9ussir, juste \u00e0 scruter. \u00bb Scruter les couleurs, soyez attentif \u00e0 celle qui vous attirent en premier. Mangez la couleur, quand vous [&hellip;]<\/p>\n","protected":false},"author":1,"featured_media":0,"parent":0,"menu_order":0,"comment_status":"closed","ping_status":"closed","template":"","meta":{"_regular_price":[],"currency_symbol":[],"_vp_format_video_url":"","_vp_image_focal_point":[],"footnotes":""},"class_list":["post-109","page","type-page","status-publish","hentry"],"post_slider_layout_featured_media_urls":{"thumbnail":"","post_slider_layout_landscape_large":"","post_slider_layout_portrait_large":"","post_slider_layout_square_large":"","post_slider_layout_landscape":"","post_slider_layout_portrait":"","post_slider_layout_square":"","full":""},"_links":{"self":[{"href":"https:\/\/eveilvert.com\/index.php?rest_route=\/wp\/v2\/pages\/109","targetHints":{"allow":["GET"]}}],"collection":[{"href":"https:\/\/eveilvert.com\/index.php?rest_route=\/wp\/v2\/pages"}],"about":[{"href":"https:\/\/eveilvert.com\/index.php?rest_route=\/wp\/v2\/types\/page"}],"author":[{"embeddable":true,"href":"https:\/\/eveilvert.com\/index.php?rest_route=\/wp\/v2\/users\/1"}],"replies":[{"embeddable":true,"href":"https:\/\/eveilvert.com\/index.php?rest_route=%2Fwp%2Fv2%2Fcomments&post=109"}],"version-history":[{"count":4,"href":"https:\/\/eveilvert.com\/index.php?rest_route=\/wp\/v2\/pages\/109\/revisions"}],"predecessor-version":[{"id":301,"href":"https:\/\/eveilvert.com\/index.php?rest_route=\/wp\/v2\/pages\/109\/revisions\/301"}],"wp:attachment":[{"href":"https:\/\/eveilvert.com\/index.php?rest_route=%2Fwp%2Fv2%2Fmedia&parent=109"}],"curies":[{"name":"wp","href":"https:\/\/api.w.org\/{rel}","templated":true}]}}