{"id":107,"date":"2019-10-05T10:15:10","date_gmt":"2019-10-05T10:15:10","guid":{"rendered":"http:\/\/eveilvert.com\/?page_id=107"},"modified":"2021-07-13T15:10:23","modified_gmt":"2021-07-13T15:10:23","slug":"les-7-sens-le-gout","status":"publish","type":"page","link":"https:\/\/eveilvert.com\/?page_id=107","title":{"rendered":"LES 7 SENS, LE GO\u00dbT"},"content":{"rendered":"\n<p><strong>R\u00e9veillez\nvos papilles.<\/strong><\/p>\n\n\n\n<p>Sucr\u00e9, sal\u00e9, am\u00e8re, acide ?<\/p>\n\n\n\n<p>Quelle sensation se d\u00e9clenche en vous lorsque vous mangez ?<\/p>\n\n\n\n<p>Mangez l\u2019amour que M\u00e8re nature vous offre.  <\/p>\n\n\n\n<p>Chaque fruit, l\u00e9gume et plante estt un message d\u2019amour que la Terre nous offre.<\/p>\n\n\n\n<p>Votre\nplaisir du go\u00fbt et un langage de votre inconscient, s\u2019ouvrir au\nmonde \u00e0 travers ses sens, donc \u00e0 travers son corps.<\/p>\n\n\n\n<p>S\u2019ouvrir au monde \u00e0 travers ses sens, et non son mental, et la voie la plus directe pour \u00eatre dans son corps, ancr\u00e9 dans le c\u0153ur.<\/p>\n\n\n\n<p>En \u00e9tant pr\u00e9sent en soi, nous d\u00e9couvrons combien nous faisons partie du monde, entrant en relation avec ce qui est, tel qu\u2019il est, y compris avec soi-m\u00eame.  <\/p>\n\n\n\n<p>C\u2019est\nun geste de bienveillance \u00e0 apprendre.<\/p>\n\n\n\n<p>Cuisiner pour soi et les autres en impr\u00e9gnant d\u2019amour le repas et une fa\u00e7on de dire Je t\u2019aime.  <\/p>\n\n\n\n<p>C\u2019est le secret du pourquoi, une m\u00eame recette pr\u00e9par\u00e9e avec les m\u00eames ingr\u00e9dients dans le m\u00eame contexte, n\u2019a pas le m\u00eame go\u00fbt et la m\u00eame allure.  <\/p>\n\n\n\n<p>Notre\ncorps se construit avec ce que nous mangeons. \n<\/p>\n\n\n\n<p>Notre corps nous informe sur ce qui lui est n\u00e9cessaire et b\u00e9n\u00e9fique.<\/p>\n\n\n\n<p>Il\nest vital d\u2019apprendre \u00e0 l\u2019\u00e9couter et \u00e0 s\u2019abstenir de lui\nimposer des aliments toxiques.<\/p>\n\n\n\n<p>Ce\nsens est reli\u00e9 au deuxi\u00e8me chakra SVADHISHTHANA&nbsp;:<\/p>\n\n\n\n<p>qui signifie : sva = Moi et shthana = lieu<\/p>\n\n\n\n<p>Le\nSvadhishthana Chakra est situ\u00e9 \u00e0 l\u2019extr\u00e9mit\u00e9 inf\u00e9rieure du\nsacrum. Son Mantra est <strong>VAM<\/strong>.<\/p>\n\n\n\n<p>Ce\nChakra marque le deuxi\u00e8me niveau de notre d\u00e9veloppement.<\/p>\n\n\n\n<p>L\u2019\u00e9volution\nde la conscience vers la pure conscience humaine commence avec le\nSvadhishthana Chakra.<\/p>\n\n\n\n<p>Il est le si\u00e8ge du subconscient dans lequel sont emmagasin\u00e9es toutes les exp\u00e9riences et impressions de notre vie depuis le d\u00e9but de notre existence dans le ventre de la m\u00e8re.<\/p>\n\n\n\n<p>Le\nMuladhara Chakra est le r\u00e9ceptacle de nos Karmas, mais ceux-ci sont\nactiv\u00e9s dans le Svadhishthana Chakra.<\/p>\n\n\n\n<p>L\u2019\u00e9veil\ndu Svadhishthana Chakra apporte clart\u00e9 et d\u00e9veloppement de la\npersonnalit\u00e9. \n<\/p>\n\n\n\n<p>Mais\navant que ceci puisse se produire, nous devons purifier notre\nconscience de ses qualit\u00e9s n\u00e9gatives.<\/p>\n\n\n\n<p>La paresse, l\u2019insensibilit\u00e9 et le danger qui sommeille en ce Chakra. L\u2019\u00e9l\u00e9ment du Svadhishthana Chakra est l\u2019eau, \u00e9galement un symbole du danger invisible. L\u2019eau est douce et fluide, mais elle repr\u00e9sente aussi un immense pouvoir lorsqu\u2019elle n\u2019est pas sous contr\u00f4le. C\u2019est exactement la m\u00eame chose avec le Svadhishthana Chakra. Lorsque les \u00e9motions n\u00e9gatives qui \u00e9manent du subconscient \u00e9mergent dans la conscience, nous pouvons nous retrouver en complet d\u00e9s\u00e9quilibre.<\/p>\n\n\n\n<p>La couleur du Svadhisthana est l\u2019orange, la couleur de l\u2019aurore, qui symbolise l\u2019\u00e9veil de la conscience. L\u2019orange est la couleur de l\u2019activit\u00e9 et de la puret\u00e9. Il indique les qualit\u00e9s positives qui se trouvent dans ce Chakra telles la joie, la foi, la confiance en soi et l\u2019\u00e9nergie.<\/p>\n\n\n\n<h3 class=\"wp-block-heading\"><strong>Activit\u00e9s\nPropos\u00e9es&nbsp;:<\/strong><\/h3>\n\n\n\n<ol class=\"wp-block-list\"><li> Manger dans le noir <\/li><li> Apprendre \u00e0 ressentir le go\u00fbt dans le palais et d\u00e9crire les textures. <\/li><li> Reconna\u00eetre les yeux band\u00e9s des aliments que vous aimez <\/li><li> Apprendre l\u2019importance de l\u2019\u00e9quilibre des saveurs dans nos assiettes pour conserver une bonne sant\u00e9, selon l\u2019ayurveda. <\/li><li> A la d\u00e9couverte des 6 SAVEURS et de leur effet sur nos corps. <\/li><li> Comprendre le lien entre le GO\u00dbT DE LA VIE et notre cr\u00e9ativit\u00e9\u00a0; <\/li><li> A la d\u00e9couverte du chakra Sacr\u00e9<\/li><li> Comment le maintenir \u00e9quilibr\u00e9<\/li><li> Comment le go\u00fbt aide \u00e0 exalter notre sensualit\u00e9 et notre cr\u00e9ativit\u00e9. <\/li><li> Visite de temple et m\u00e9ditation<\/li><li> Yoga <\/li><li> L\u2019art culinaire au service de l\u2019extase. <\/li><\/ol>\n","protected":false},"excerpt":{"rendered":"<p>R\u00e9veillez vos papilles. Sucr\u00e9, sal\u00e9, am\u00e8re, acide ? Quelle sensation se d\u00e9clenche en vous lorsque vous mangez ? Mangez l\u2019amour que M\u00e8re nature vous offre. Chaque fruit, l\u00e9gume et plante estt un message d\u2019amour que la Terre nous offre. Votre plaisir du go\u00fbt et un langage de votre inconscient, s\u2019ouvrir au monde \u00e0 travers ses [&hellip;]<\/p>\n","protected":false},"author":1,"featured_media":0,"parent":0,"menu_order":0,"comment_status":"closed","ping_status":"closed","template":"","meta":{"_regular_price":[],"currency_symbol":[],"_vp_format_video_url":"","_vp_image_focal_point":[],"footnotes":""},"class_list":["post-107","page","type-page","status-publish","hentry"],"post_slider_layout_featured_media_urls":{"thumbnail":"","post_slider_layout_landscape_large":"","post_slider_layout_portrait_large":"","post_slider_layout_square_large":"","post_slider_layout_landscape":"","post_slider_layout_portrait":"","post_slider_layout_square":"","full":""},"_links":{"self":[{"href":"https:\/\/eveilvert.com\/index.php?rest_route=\/wp\/v2\/pages\/107","targetHints":{"allow":["GET"]}}],"collection":[{"href":"https:\/\/eveilvert.com\/index.php?rest_route=\/wp\/v2\/pages"}],"about":[{"href":"https:\/\/eveilvert.com\/index.php?rest_route=\/wp\/v2\/types\/page"}],"author":[{"embeddable":true,"href":"https:\/\/eveilvert.com\/index.php?rest_route=\/wp\/v2\/users\/1"}],"replies":[{"embeddable":true,"href":"https:\/\/eveilvert.com\/index.php?rest_route=%2Fwp%2Fv2%2Fcomments&post=107"}],"version-history":[{"count":3,"href":"https:\/\/eveilvert.com\/index.php?rest_route=\/wp\/v2\/pages\/107\/revisions"}],"predecessor-version":[{"id":306,"href":"https:\/\/eveilvert.com\/index.php?rest_route=\/wp\/v2\/pages\/107\/revisions\/306"}],"wp:attachment":[{"href":"https:\/\/eveilvert.com\/index.php?rest_route=%2Fwp%2Fv2%2Fmedia&parent=107"}],"curies":[{"name":"wp","href":"https:\/\/api.w.org\/{rel}","templated":true}]}}