{"id":104,"date":"2019-10-05T10:03:14","date_gmt":"2019-10-05T10:03:14","guid":{"rendered":"http:\/\/eveilvert.com\/?page_id=104"},"modified":"2021-11-30T13:00:04","modified_gmt":"2021-11-30T13:00:04","slug":"les-7-sens-odorat","status":"publish","type":"page","link":"https:\/\/eveilvert.com\/?page_id=104","title":{"rendered":"LES 7 SENS , L&#8217;ODORAT"},"content":{"rendered":"\n<p><strong>Sentez\nles mots<\/strong><\/p>\n\n\n\n<p>Chaque parfum est un stimulus, les parfums ont un langage qui touche notre \u00e9motionnel.<\/p>\n\n\n\n<p>Quand\nnous rencontrons une nouvelle odeur, les neurones du syst\u00e8me\nolfactif envoient une information dans la r\u00e9gion du cerveau appel\u00e9\ncortex olfactif en y laissant une empreinte :&nbsp;<\/p>\n\n\n\n<p>\u00ab&nbsp;Ces\ndonn\u00e9es sont stock\u00e9es au fur et \u00e0 mesure afin de cr\u00e9er une\nlibrairie d&#8217;odeurs (culture olfactive). Pour cr\u00e9er cette culture\nolfactive, nous associons la plupart du temps chaque odeur \u00e0 un mot\ncomme tout simplement son nom (nom de fleurs, nom d&#8217;\u00e9pices, etc&#8230;).<\/p>\n\n\n\n<figure class=\"wp-block-image\"><img decoding=\"async\" src=\"https:\/\/tpe1s2perceptionodeurs.webnode.fr\/_files\/200000012-e0ce1e1c9e\/irmf.jpg\" alt=\"\"\/><\/figure>\n\n\n\n<p>Gr\u00e2ce aux IRMF, on a constat\u00e9 que lors de la perception des odeurs chez des individus, certaines zones du syst\u00e8me limbique sont stimul\u00e9es (voir image ci-dessus). Le syst\u00e8me limbique (appel\u00e9 cerveau \u00e9motionnel) est \u00e0 l&#8217;origine des \u00e9motions : lorsque nous pensons, percevons, ressentons, il \u00e9value l&#8217;effet produit : positif, n\u00e9gatif ou neutre. Cette \u00e9valuation est faite tr\u00e8s rapidement (moins de 10 centi\u00e8mes de seconde) et a lieu inconsciemment. La m\u00e9moire des odeurs est donc \u00e9troitement li\u00e9es \u00e0 nos \u00e9motions et nous faisons donc souvent appel \u00e0 nos souvenirs et \u00e0 nos \u00e9motions lorsque nous percevons une odeur.<\/p>\n\n\n\n<p>Les\n t\u00e2ches qui apparaissent en jaunes sont les zones auxquelles\nl&#8217;individu fait appel lors de la perception de certaines odeurs. On\nretrouve bien certaines t\u00e2ches jaunes au centre des coupes axiales\ndu cerveau correspondant au syst\u00e8me limbique.<\/p>\n\n\n\n<p>Respirez\net d\u00e9couvrez les parfums qui vous ram\u00e8ne \u00e0 la maison. \n<\/p>\n\n\n\n<p>Utiliser des huiles essentielles pour d\u00e9couvrir l\u2019olfactoth\u00e9rapie.<\/p>\n\n\n\n<p>Quel mots, images vous viennent \u00e0 l\u2019esprit lorsque vous vous observez respirer la vie ?<\/p>\n\n\n\n<p>Sachant\nque se sens est reli\u00e9 au premier Chakra,<strong>M\u016bl\u0101dh\u0101ra<\/strong>\nqui\nsignifie&nbsp;:<\/p>\n\n\n\n<p>\n\u00ab&nbsp;le\nsupport du fondement&nbsp;\u00bb<\/p>\n\n\n\n<p>Il est situ\u00e9e au bas de la colonne vert\u00e9brale. Son \u00e9l\u00e9ment est la terre.<\/p>\n\n\n\n<p>\nLe\nSON\npour l&#8217;\u00e9veiller est la monosyllabe <em>lam<\/em>.\n\n<\/p>\n\n\n\n<p>Le Muladhara Chakra repr\u00e9sente la fronti\u00e8re entre la conscience animale et la conscience humaine. Il est li\u00e9 \u00e0 l\u2019inconscient, r\u00e9ceptacle dans lequel sont emmagasin\u00e9es les actions et les exp\u00e9riences de nos vies ant\u00e9rieures. Ainsi, selon la Loi Karmique, ce Chakra contient le cours de notre destin\u00e9e future. Ce Chakra est \u00e9galement la base du d\u00e9veloppement de notre personnalit\u00e9.<\/p>\n\n\n\n<p>\nLa\nvie est conscience et la conscience aspire \u00e0 l\u2019\u00e9volution.<\/p>\n\n\n\n<p><strong>Activit\u00e9s\nPropos\u00e9es&nbsp;:<\/strong><\/p>\n\n\n\n<ol class=\"wp-block-list\"><li> Visite de distillerie. <\/li><li> D\u00e9couvrir l\u2019univers des NEZ <\/li><li> \u00c9changer autour de l\u2019impact qu\u2019on eu certains parfums sur nous. <\/li><li> Le monde des huiles essentielles, les combinaisons qui nous correspondent et nous ancrent (fabriquer son propre complexe d\u2019olfactoth\u00e9rapie avec les huiles essentielles.) <\/li><li> Les odeurs qui ouvre notre conscience. <\/li><li> Soin en Olfactoth\u00e9rapie personnalis\u00e9 en fonction de vos objectifs. <\/li><li> Visite de champs de lavande , ou r\u00e9colte de romarin, thym, plantes m\u00e9dicinales odorantes. <\/li><li> Utiliser ce sens pour \u00e9quilibrer notre premier chakra et mieux comprendre sa fonction, son importance. <\/li><li> Comment garder ce chakra \u00e9quilibr\u00e9 au quotidien  <\/li><li> Yoga pour l\u2019ancrage et conseil nutritionnel. <\/li><li> POTERIE ET PLANTER UN ARBRE <\/li><\/ol>\n","protected":false},"excerpt":{"rendered":"<p>Sentez les mots Chaque parfum est un stimulus, les parfums ont un langage qui touche notre \u00e9motionnel. Quand nous rencontrons une nouvelle odeur, les neurones du syst\u00e8me olfactif envoient une information dans la r\u00e9gion du cerveau appel\u00e9 cortex olfactif en y laissant une empreinte :&nbsp; \u00ab&nbsp;Ces donn\u00e9es sont stock\u00e9es au fur et \u00e0 mesure afin [&hellip;]<\/p>\n","protected":false},"author":1,"featured_media":0,"parent":0,"menu_order":0,"comment_status":"closed","ping_status":"closed","template":"","meta":{"_regular_price":[],"currency_symbol":[],"_vp_format_video_url":"","_vp_image_focal_point":[],"footnotes":""},"class_list":["post-104","page","type-page","status-publish","hentry"],"post_slider_layout_featured_media_urls":{"thumbnail":"","post_slider_layout_landscape_large":"","post_slider_layout_portrait_large":"","post_slider_layout_square_large":"","post_slider_layout_landscape":"","post_slider_layout_portrait":"","post_slider_layout_square":"","full":""},"_links":{"self":[{"href":"https:\/\/eveilvert.com\/index.php?rest_route=\/wp\/v2\/pages\/104","targetHints":{"allow":["GET"]}}],"collection":[{"href":"https:\/\/eveilvert.com\/index.php?rest_route=\/wp\/v2\/pages"}],"about":[{"href":"https:\/\/eveilvert.com\/index.php?rest_route=\/wp\/v2\/types\/page"}],"author":[{"embeddable":true,"href":"https:\/\/eveilvert.com\/index.php?rest_route=\/wp\/v2\/users\/1"}],"replies":[{"embeddable":true,"href":"https:\/\/eveilvert.com\/index.php?rest_route=%2Fwp%2Fv2%2Fcomments&post=104"}],"version-history":[{"count":3,"href":"https:\/\/eveilvert.com\/index.php?rest_route=\/wp\/v2\/pages\/104\/revisions"}],"predecessor-version":[{"id":337,"href":"https:\/\/eveilvert.com\/index.php?rest_route=\/wp\/v2\/pages\/104\/revisions\/337"}],"wp:attachment":[{"href":"https:\/\/eveilvert.com\/index.php?rest_route=%2Fwp%2Fv2%2Fmedia&parent=104"}],"curies":[{"name":"wp","href":"https:\/\/api.w.org\/{rel}","templated":true}]}}