{"id":102,"date":"2019-10-05T10:00:12","date_gmt":"2019-10-05T10:00:12","guid":{"rendered":"http:\/\/eveilvert.com\/?page_id=102"},"modified":"2021-11-30T13:00:30","modified_gmt":"2021-11-30T13:00:30","slug":"nos-seminaires","status":"publish","type":"page","link":"https:\/\/eveilvert.com\/?page_id=102","title":{"rendered":"Nos s\u00e9minaires sur les 7 sens"},"content":{"rendered":"\n<p><strong>Les SENS, pour garder l\u2019essentiel<\/strong><\/p>\n\n\n\n<p>Chaque\n\u00eatre est diff\u00e9rent. \n<\/p>\n\n\n\n<p>Chaque\nsituation est unique.<\/p>\n\n\n\n<p>Et\nla n\u00e9cessit\u00e9 de penser par soi-m\u00eame nous incombe \u00e0 tous.<\/p>\n\n\n\n<p>Nos sens nous montrent le chemin.<\/p>\n\n\n\n<p>Ici il n\u2019y a pas \u00e0 se forcer ni \u00e0 ob\u00e9ir : de toute mani\u00e8re, j\u2019entends, je vois, je sens, je pense.  <\/p>\n\n\n\n<p>Il suffit donc de respirer, d\u2019entendre, de voir de sentir.  <\/p>\n\n\n\n<p>D\u2019\u00eatre\npr\u00e9sent.<\/p>\n\n\n\n<p>Acceptant\nde ne pas savoir \u00e0 l\u2019avance ce qui va advenir, de s\u2019ouvrir \u00e0\nl\u2019impr\u00e9vu et \u00e0 l\u2019intelligence qui jaillira en vous. \n<\/p>\n\n\n\n<p>Pour peu que vous vous foutiez la paix \ud83d\ude42<\/p>\n\n\n\n<p>Dans notre soci\u00e9t\u00e9, il est urgent pour notre r\u00e9el bonheur de nous reconnecter \u00e0 nos sens.<\/p>\n\n\n\n<p>Redevenir des enfants pour RETROUVER cet espace en nous.  <\/p>\n\n\n\n<p>Mangez les couleurs avec vos yeux, \u00e9coutez les caresses, go\u00fbtez les sons, et sentez les mots.<\/p>\n\n\n\n<p>Red\u00e9couvrez\nvos go\u00fbts non pas l\u2019id\u00e9e de vous. \n<\/p>\n\n\n\n<p>Nous vous proposons 7 voyages de 3 jours pour aller \u00e0 la rencontre de vos sens.  <\/p>\n\n\n\n<p>D\u00e9velopper\nvotre capacit\u00e9 \u00e0 prendre soin de vous par vous m\u00eame et am\u00e9liorer\npar celle-ci, vos relations et conditions de vie.  \n<\/p>\n","protected":false},"excerpt":{"rendered":"<p>Les SENS, pour garder l\u2019essentiel Chaque \u00eatre est diff\u00e9rent. Chaque situation est unique. Et la n\u00e9cessit\u00e9 de penser par soi-m\u00eame nous incombe \u00e0 tous. Nos sens nous montrent le chemin. Ici il n\u2019y a pas \u00e0 se forcer ni \u00e0 ob\u00e9ir : de toute mani\u00e8re, j\u2019entends, je vois, je sens, je pense. Il suffit donc [&hellip;]<\/p>\n","protected":false},"author":1,"featured_media":0,"parent":0,"menu_order":0,"comment_status":"closed","ping_status":"closed","template":"","meta":{"_regular_price":[],"currency_symbol":[],"_vp_format_video_url":"","_vp_image_focal_point":[],"footnotes":""},"class_list":["post-102","page","type-page","status-publish","hentry"],"post_slider_layout_featured_media_urls":{"thumbnail":"","post_slider_layout_landscape_large":"","post_slider_layout_portrait_large":"","post_slider_layout_square_large":"","post_slider_layout_landscape":"","post_slider_layout_portrait":"","post_slider_layout_square":"","full":""},"_links":{"self":[{"href":"https:\/\/eveilvert.com\/index.php?rest_route=\/wp\/v2\/pages\/102","targetHints":{"allow":["GET"]}}],"collection":[{"href":"https:\/\/eveilvert.com\/index.php?rest_route=\/wp\/v2\/pages"}],"about":[{"href":"https:\/\/eveilvert.com\/index.php?rest_route=\/wp\/v2\/types\/page"}],"author":[{"embeddable":true,"href":"https:\/\/eveilvert.com\/index.php?rest_route=\/wp\/v2\/users\/1"}],"replies":[{"embeddable":true,"href":"https:\/\/eveilvert.com\/index.php?rest_route=%2Fwp%2Fv2%2Fcomments&post=102"}],"version-history":[{"count":6,"href":"https:\/\/eveilvert.com\/index.php?rest_route=\/wp\/v2\/pages\/102\/revisions"}],"predecessor-version":[{"id":340,"href":"https:\/\/eveilvert.com\/index.php?rest_route=\/wp\/v2\/pages\/102\/revisions\/340"}],"wp:attachment":[{"href":"https:\/\/eveilvert.com\/index.php?rest_route=%2Fwp%2Fv2%2Fmedia&parent=102"}],"curies":[{"name":"wp","href":"https:\/\/api.w.org\/{rel}","templated":true}]}}